{"id":3117,"date":"2020-07-22T00:18:55","date_gmt":"2020-07-22T00:18:55","guid":{"rendered":"https:\/\/bashirhasan.com\/testing\/productos\/maquinas-de-sobremesa\/"},"modified":"2022-11-10T16:06:33","modified_gmt":"2022-11-10T16:06:33","slug":"maquinas-de-mesa","status":"publish","type":"page","link":"https:\/\/www.colanar.com\/es\/productos\/maquinas-de-mesa\/","title":{"rendered":"M\u00e1quinas de mesa"},"content":{"rendered":"\t\t<div data-elementor-type=\"wp-page\" data-elementor-id=\"3117\" class=\"elementor elementor-3117 elementor-2144\" data-elementor-post-type=\"page\">\n\t\t\t\t\t\t<section class=\"elementor-section elementor-top-section elementor-element elementor-element-770b509b elementor-section-stretched elementor-section-boxed elementor-section-height-default elementor-section-height-default\" data-id=\"770b509b\" data-element_type=\"section\" data-e-type=\"section\" data-settings=\"{&quot;stretch_section&quot;:&quot;section-stretched&quot;,&quot;background_background&quot;:&quot;classic&quot;}\">\n\t\t\t\t\t\t\t<div class=\"elementor-background-overlay\"><\/div>\n\t\t\t\t\t\t\t<div class=\"elementor-container elementor-column-gap-default\">\n\t\t\t\t\t<div class=\"elementor-column elementor-col-100 elementor-top-column elementor-element elementor-element-5f8a64d\" data-id=\"5f8a64d\" data-element_type=\"column\" data-e-type=\"column\">\n\t\t\t<div class=\"elementor-widget-wrap elementor-element-populated\">\n\t\t\t\t\t\t<div class=\"elementor-element elementor-element-223126e4 elementor-widget elementor-widget-heading\" data-id=\"223126e4\" data-element_type=\"widget\" data-e-type=\"widget\" data-widget_type=\"heading.default\">\n\t\t\t\t<div class=\"elementor-widget-container\">\n\t\t\t\t\t<h2 class=\"elementor-heading-title elementor-size-default\">M\u00e1quinas de mesa<\/h2>\t\t\t\t<\/div>\n\t\t\t\t<\/div>\n\t\t\t\t\t<\/div>\n\t\t<\/div>\n\t\t\t\t\t<\/div>\n\t\t<\/section>\n\t\t\t\t<section class=\"elementor-section elementor-top-section elementor-element elementor-element-5de62d1a elementor-hidden-phone elementor-section-boxed elementor-section-height-default elementor-section-height-default\" data-id=\"5de62d1a\" data-element_type=\"section\" data-e-type=\"section\">\n\t\t\t\t\t\t\t<div class=\"elementor-background-overlay\"><\/div>\n\t\t\t\t\t\t\t<div class=\"elementor-container elementor-column-gap-default\">\n\t\t\t\t\t<div class=\"elementor-column elementor-col-25 elementor-top-column elementor-element elementor-element-dc767d5 elementor-hidden-tablet\" data-id=\"dc767d5\" data-element_type=\"column\" data-e-type=\"column\">\n\t\t\t<div class=\"elementor-widget-wrap\">\n\t\t\t\t\t\t\t<\/div>\n\t\t<\/div>\n\t\t\t\t<div class=\"elementor-column elementor-col-25 elementor-top-column elementor-element elementor-element-88f1a18\" data-id=\"88f1a18\" data-element_type=\"column\" data-e-type=\"column\">\n\t\t\t<div class=\"elementor-widget-wrap elementor-element-populated\">\n\t\t\t\t\t\t<div class=\"elementor-element elementor-element-10673df elementor-flip-box--effect-zoom-in animated-fast elementor-invisible elementor-widget elementor-widget-flip-box\" data-id=\"10673df\" data-element_type=\"widget\" data-e-type=\"widget\" data-settings=\"{&quot;_animation&quot;:&quot;fadeInUp&quot;}\" data-widget_type=\"flip-box.default\">\n\t\t\t\t<div class=\"elementor-widget-container\">\n\t\t\t\t\t\t\t<div class=\"elementor-flip-box\" tabindex=\"0\">\n\t\t\t<div class=\"elementor-flip-box__layer elementor-flip-box__front\">\n\t\t\t\t<div class=\"elementor-flip-box__layer__overlay\">\n\t\t\t\t\t<div class=\"elementor-flip-box__layer__inner\">\n\t\t\t\t\t\t\n\t\t\t\t\t\t\t\t\t\t\t\t\t<h3 class=\"elementor-flip-box__layer__title\">\n\t\t\t\t\t\t\t\tM\u00e1quina de inserci\u00f3n de \u00e9mbolos CSS1041\t\t\t\t\t\t\t<\/h3>\n\t\t\t\t\t\t\n\t\t\t\t\t\t\t\t\t\t\t<\/div>\n\t\t\t\t<\/div>\n\t\t\t<\/div>\n\t\t\t<a class=\"elementor-flip-box__layer elementor-flip-box__back\" href=\"https:\/\/www.colanar.com\/es\/productos\/maquinas-de-mesa\/maquina-de-insercion-de-embolos-css1041\/\">\n\t\t\t<div class=\"elementor-flip-box__layer__overlay\">\n\t\t\t\t<div class=\"elementor-flip-box__layer__inner\">\n\t\t\t\t\t\n\t\t\t\t\t\n\t\t\t\t\t\t\t\t\t\t\t<span class=\"elementor-flip-box__button elementor-button elementor-size-sm\">\n\t\t\t\t\t\t\tDescubrir m\u00e1s\t\t\t\t\t\t<\/span>\n\t\t\t\t\t\t\t\t<\/div>\n\t\t<\/div>\n\t\t<\/a>\n\t\t<\/div>\n\t\t\t\t\t\t<\/div>\n\t\t\t\t<\/div>\n\t\t\t\t\t<\/div>\n\t\t<\/div>\n\t\t\t\t<div class=\"elementor-column elementor-col-25 elementor-top-column elementor-element elementor-element-71ff3d77\" data-id=\"71ff3d77\" data-element_type=\"column\" data-e-type=\"column\">\n\t\t\t<div class=\"elementor-widget-wrap elementor-element-populated\">\n\t\t\t\t\t\t<div class=\"elementor-element elementor-element-69605f87 elementor-flip-box--effect-zoom-in animated-fast elementor-invisible elementor-widget elementor-widget-flip-box\" data-id=\"69605f87\" data-element_type=\"widget\" data-e-type=\"widget\" data-settings=\"{&quot;_animation&quot;:&quot;fadeInUp&quot;,&quot;_animation_delay&quot;:0}\" data-widget_type=\"flip-box.default\">\n\t\t\t\t<div class=\"elementor-widget-container\">\n\t\t\t\t\t\t\t<div class=\"elementor-flip-box\" tabindex=\"0\">\n\t\t\t<div class=\"elementor-flip-box__layer elementor-flip-box__front\">\n\t\t\t\t<div class=\"elementor-flip-box__layer__overlay\">\n\t\t\t\t\t<div class=\"elementor-flip-box__layer__inner\">\n\t\t\t\t\t\t\n\t\t\t\t\t\t\t\t\t\t\t\t\t<h3 class=\"elementor-flip-box__layer__title\">\n\t\t\t\t\t\t\t\tEstaci\u00f3n de movimiento de agujas FSN 1000\t\t\t\t\t\t\t<\/h3>\n\t\t\t\t\t\t\n\t\t\t\t\t\t\t\t\t\t\t<\/div>\n\t\t\t\t<\/div>\n\t\t\t<\/div>\n\t\t\t<a class=\"elementor-flip-box__layer elementor-flip-box__back\" href=\"https:\/\/www.colanar.com\/es\/productos\/maquinas-de-mesa\/estacion-de-movimiento-de-agujas-fsn-1000\/\">\n\t\t\t<div class=\"elementor-flip-box__layer__overlay\">\n\t\t\t\t<div class=\"elementor-flip-box__layer__inner\">\n\t\t\t\t\t\n\t\t\t\t\t\n\t\t\t\t\t\t\t\t\t\t\t<span class=\"elementor-flip-box__button elementor-button elementor-size-sm\">\n\t\t\t\t\t\t\tDescubrir m\u00e1s\t\t\t\t\t\t<\/span>\n\t\t\t\t\t\t\t\t<\/div>\n\t\t<\/div>\n\t\t<\/a>\n\t\t<\/div>\n\t\t\t\t\t\t<\/div>\n\t\t\t\t<\/div>\n\t\t\t\t\t<\/div>\n\t\t<\/div>\n\t\t\t\t<div class=\"elementor-column elementor-col-25 elementor-top-column elementor-element elementor-element-ca4050d elementor-hidden-tablet\" data-id=\"ca4050d\" data-element_type=\"column\" data-e-type=\"column\">\n\t\t\t<div class=\"elementor-widget-wrap\">\n\t\t\t\t\t\t\t<\/div>\n\t\t<\/div>\n\t\t\t\t\t<\/div>\n\t\t<\/section>\n\t\t\t\t<section class=\"elementor-section elementor-top-section elementor-element elementor-element-2f71dbe4 elementor-hidden-desktop elementor-hidden-tablet elementor-section-boxed elementor-section-height-default elementor-section-height-default\" data-id=\"2f71dbe4\" data-element_type=\"section\" data-e-type=\"section\">\n\t\t\t\t\t\t\t<div class=\"elementor-background-overlay\"><\/div>\n\t\t\t\t\t\t\t<div class=\"elementor-container elementor-column-gap-default\">\n\t\t\t\t\t<div class=\"elementor-column elementor-col-50 elementor-top-column elementor-element elementor-element-89e0748\" data-id=\"89e0748\" data-element_type=\"column\" data-e-type=\"column\">\n\t\t\t<div class=\"elementor-widget-wrap elementor-element-populated\">\n\t\t\t\t\t\t<div class=\"elementor-element elementor-element-65be38a0 elementor-cta--skin-cover elementor-animated-content elementor-bg-transform elementor-bg-transform-zoom-in elementor-widget elementor-widget-call-to-action\" data-id=\"65be38a0\" data-element_type=\"widget\" data-e-type=\"widget\" data-widget_type=\"call-to-action.default\">\n\t\t\t\t<div class=\"elementor-widget-container\">\n\t\t\t\t\t\t\t<a class=\"elementor-cta\" href=\"https:\/\/www.colanar.com\/es\/productos\/maquinas-de-mesa\/maquina-de-insercion-de-embolos-css1041\/\">\n\t\t\t\t\t<div class=\"elementor-cta__bg-wrapper\">\n\t\t\t\t<div class=\"elementor-cta__bg elementor-bg\" style=\"background-image: url(https:\/\/www.colanar.com\/wp-content\/uploads\/2020\/07\/CSS_teaser.jpg);\" role=\"img\" aria-label=\"CSS_teaser\"><\/div>\n\t\t\t\t<div class=\"elementor-cta__bg-overlay\"><\/div>\n\t\t\t<\/div>\n\t\t\t\t\t\t\t<div class=\"elementor-cta__content\">\n\t\t\t\t\n\t\t\t\t\t\t\t\t\t<h2 class=\"elementor-cta__title elementor-cta__content-item elementor-content-item elementor-animated-item--grow\">\n\t\t\t\t\t\tM\u00e1quina de inserci\u00f3n de \u00e9mbolos CSS1041\t\t\t\t\t<\/h2>\n\t\t\t\t\n\t\t\t\t\n\t\t\t\t\t\t\t\t\t<div class=\"elementor-cta__button-wrapper elementor-cta__content-item elementor-content-item elementor-animated-item--grow\">\n\t\t\t\t\t<span class=\"elementor-cta__button elementor-button elementor-size-\">\n\t\t\t\t\t\tDescubrir m\u00e1s\t\t\t\t\t<\/span>\n\t\t\t\t\t<\/div>\n\t\t\t\t\t\t\t<\/div>\n\t\t\t\t\t\t<\/a>\n\t\t\t\t\t\t<\/div>\n\t\t\t\t<\/div>\n\t\t\t\t\t<\/div>\n\t\t<\/div>\n\t\t\t\t<div class=\"elementor-column elementor-col-50 elementor-top-column elementor-element elementor-element-77015d41\" data-id=\"77015d41\" data-element_type=\"column\" data-e-type=\"column\">\n\t\t\t<div class=\"elementor-widget-wrap elementor-element-populated\">\n\t\t\t\t\t\t<div class=\"elementor-element elementor-element-4cd222ca elementor-cta--skin-cover elementor-animated-content elementor-bg-transform elementor-bg-transform-zoom-in elementor-widget elementor-widget-call-to-action\" data-id=\"4cd222ca\" data-element_type=\"widget\" data-e-type=\"widget\" data-widget_type=\"call-to-action.default\">\n\t\t\t\t<div class=\"elementor-widget-container\">\n\t\t\t\t\t\t\t<a class=\"elementor-cta\" href=\"https:\/\/www.colanar.com\/es\/productos\/maquinas-de-mesa\/estacion-de-movimiento-de-agujas-fsn-1000\/\">\n\t\t\t\t\t<div class=\"elementor-cta__bg-wrapper\">\n\t\t\t\t<div class=\"elementor-cta__bg elementor-bg\" style=\"background-image: url(https:\/\/www.colanar.com\/wp-content\/uploads\/2020\/07\/FSN_teaser.jpg);\" role=\"img\" aria-label=\"FSN_teaser\"><\/div>\n\t\t\t\t<div class=\"elementor-cta__bg-overlay\"><\/div>\n\t\t\t<\/div>\n\t\t\t\t\t\t\t<div class=\"elementor-cta__content\">\n\t\t\t\t\n\t\t\t\t\t\t\t\t\t<h2 class=\"elementor-cta__title elementor-cta__content-item elementor-content-item elementor-animated-item--grow\">\n\t\t\t\t\t\tEstaci\u00f3n de movimiento de agujas FSN 1000\t\t\t\t\t<\/h2>\n\t\t\t\t\n\t\t\t\t\n\t\t\t\t\t\t\t\t\t<div class=\"elementor-cta__button-wrapper elementor-cta__content-item elementor-content-item elementor-animated-item--grow\">\n\t\t\t\t\t<span class=\"elementor-cta__button elementor-button elementor-size-\">\n\t\t\t\t\t\tDescubrir m\u00e1s\t\t\t\t\t<\/span>\n\t\t\t\t\t<\/div>\n\t\t\t\t\t\t\t<\/div>\n\t\t\t\t\t\t<\/a>\n\t\t\t\t\t\t<\/div>\n\t\t\t\t<\/div>\n\t\t\t\t\t<\/div>\n\t\t<\/div>\n\t\t\t\t\t<\/div>\n\t\t<\/section>\n\t\t\t\t<section class=\"elementor-section elementor-top-section elementor-element elementor-element-465e5600 elementor-section-boxed elementor-section-height-default elementor-section-height-default\" data-id=\"465e5600\" data-element_type=\"section\" data-e-type=\"section\">\n\t\t\t\t\t\t<div class=\"elementor-container elementor-column-gap-default\">\n\t\t\t\t\t<div class=\"elementor-column elementor-col-100 elementor-top-column elementor-element elementor-element-262fb68f\" data-id=\"262fb68f\" data-element_type=\"column\" data-e-type=\"column\">\n\t\t\t<div class=\"elementor-widget-wrap elementor-element-populated\">\n\t\t\t\t\t\t<div class=\"elementor-element elementor-element-2489214c elementor-widget elementor-widget-text-editor\" data-id=\"2489214c\" data-element_type=\"widget\" data-e-type=\"widget\" data-widget_type=\"text-editor.default\">\n\t\t\t\t<div class=\"elementor-widget-container\">\n\t\t\t\t\t\t\t\t\t<p>COLANAR&#8217;s incorpora la tecnolog\u00eda m\u00e1s avanzada en sus m\u00e1quinas de mesa. Ya sea que est\u00e9 buscando una m\u00e1quina de alta calidad para taponar, insertar embolos o llenar, encontrar\u00e1 todo lo que necesita en nuestro cat\u00e1logo. Seleccione una m\u00e1quina para obtener m\u00e1s informaci\u00f3n.<\/p>\n\t\t\t\t\t\t\t\t<\/div>\n\t\t\t\t<\/div>\n\t\t\t\t\t<\/div>\n\t\t<\/div>\n\t\t\t\t\t<\/div>\n\t\t<\/section>\n\t\t\t\t<\/div>\n\t\t","protected":false},"excerpt":{"rendered":"<p>M\u00e1quinas de mesa M\u00e1quina de inserci\u00f3n de \u00e9mbolos CSS1041 Descubrir m\u00e1s Estaci\u00f3n de movimiento de agujas FSN 1000 Descubrir m\u00e1s M\u00e1quina de inserci\u00f3n de \u00e9mbolos CSS1041 Descubrir m\u00e1s Estaci\u00f3n de movimiento de agujas FSN 1000 Descubrir m\u00e1s COLANAR&#8217;s incorpora la tecnolog\u00eda m\u00e1s avanzada en sus m\u00e1quinas de mesa. Ya sea que est\u00e9 buscando una m\u00e1quina [&hellip;]<\/p>\n","protected":false},"author":1,"featured_media":0,"parent":3115,"menu_order":0,"comment_status":"closed","ping_status":"closed","template":"","meta":{"footnotes":""},"class_list":["post-3117","page","type-page","status-publish","hentry","entry"],"yoast_head":"<!-- This site is optimized with the Yoast SEO plugin v27.4 - https:\/\/yoast.com\/product\/yoast-seo-wordpress\/ -->\n<title>M\u00e1quinas de mesa - Colanar<\/title>\n<meta name=\"description\" content=\"M\u00e1quinas de alta calidad que ocupan poco espacio para tapar, desatascar o llenar. Aplicaciones farmac\u00e9uticas y biotecnol\u00f3gicas.\" \/>\n<meta name=\"robots\" content=\"index, follow, max-snippet:-1, max-image-preview:large, max-video-preview:-1\" \/>\n<link rel=\"canonical\" href=\"https:\/\/www.colanar.com\/es\/productos\/maquinas-de-mesa\/\" \/>\n<meta property=\"og:locale\" content=\"es_ES\" \/>\n<meta property=\"og:type\" content=\"article\" \/>\n<meta property=\"og:title\" content=\"M\u00e1quinas de mesa - Colanar\" \/>\n<meta property=\"og:description\" content=\"M\u00e1quinas de alta calidad que ocupan poco espacio para tapar, desatascar o llenar. Aplicaciones farmac\u00e9uticas y biotecnol\u00f3gicas.\" \/>\n<meta property=\"og:url\" content=\"https:\/\/www.colanar.com\/es\/productos\/maquinas-de-mesa\/\" \/>\n<meta property=\"og:site_name\" content=\"Colanar\" \/>\n<meta property=\"article:modified_time\" content=\"2022-11-10T16:06:33+00:00\" \/>\n<meta name=\"twitter:card\" content=\"summary_large_image\" \/>\n<script type=\"application\/ld+json\" class=\"yoast-schema-graph\">{\"@context\":\"https:\\\/\\\/schema.org\",\"@graph\":[{\"@type\":\"WebPage\",\"@id\":\"https:\\\/\\\/www.colanar.com\\\/es\\\/productos\\\/maquinas-de-mesa\\\/\",\"url\":\"https:\\\/\\\/www.colanar.com\\\/es\\\/productos\\\/maquinas-de-mesa\\\/\",\"name\":\"M\u00e1quinas de mesa - Colanar\",\"isPartOf\":{\"@id\":\"https:\\\/\\\/www.colanar.com\\\/es\\\/de\\\/#website\"},\"datePublished\":\"2020-07-22T00:18:55+00:00\",\"dateModified\":\"2022-11-10T16:06:33+00:00\",\"description\":\"M\u00e1quinas de alta calidad que ocupan poco espacio para tapar, desatascar o llenar. Aplicaciones farmac\u00e9uticas y biotecnol\u00f3gicas.\",\"breadcrumb\":{\"@id\":\"https:\\\/\\\/www.colanar.com\\\/es\\\/productos\\\/maquinas-de-mesa\\\/#breadcrumb\"},\"inLanguage\":\"es\",\"potentialAction\":[{\"@type\":\"ReadAction\",\"target\":[\"https:\\\/\\\/www.colanar.com\\\/es\\\/productos\\\/maquinas-de-mesa\\\/\"]}]},{\"@type\":\"BreadcrumbList\",\"@id\":\"https:\\\/\\\/www.colanar.com\\\/es\\\/productos\\\/maquinas-de-mesa\\\/#breadcrumb\",\"itemListElement\":[{\"@type\":\"ListItem\",\"position\":1,\"name\":\"Home\",\"item\":\"https:\\\/\\\/www.colanar.com\\\/es\\\/\"},{\"@type\":\"ListItem\",\"position\":2,\"name\":\"Productos\",\"item\":\"https:\\\/\\\/www.colanar.com\\\/es\\\/productos\\\/\"},{\"@type\":\"ListItem\",\"position\":3,\"name\":\"M\u00e1quinas de mesa\"}]},{\"@type\":\"WebSite\",\"@id\":\"https:\\\/\\\/www.colanar.com\\\/es\\\/de\\\/#website\",\"url\":\"https:\\\/\\\/www.colanar.com\\\/es\\\/de\\\/\",\"name\":\"Colanar\",\"description\":\"Innovative Solutions. Quality Products.\",\"publisher\":{\"@id\":\"https:\\\/\\\/www.colanar.com\\\/es\\\/de\\\/#organization\"},\"potentialAction\":[{\"@type\":\"SearchAction\",\"target\":{\"@type\":\"EntryPoint\",\"urlTemplate\":\"https:\\\/\\\/www.colanar.com\\\/es\\\/de\\\/?s={search_term_string}\"},\"query-input\":{\"@type\":\"PropertyValueSpecification\",\"valueRequired\":true,\"valueName\":\"search_term_string\"}}],\"inLanguage\":\"es\"},{\"@type\":\"Organization\",\"@id\":\"https:\\\/\\\/www.colanar.com\\\/es\\\/de\\\/#organization\",\"name\":\"Colanar\",\"url\":\"https:\\\/\\\/www.colanar.com\\\/es\\\/de\\\/\",\"logo\":{\"@type\":\"ImageObject\",\"inLanguage\":\"es\",\"@id\":\"https:\\\/\\\/www.colanar.com\\\/es\\\/de\\\/#\\\/schema\\\/logo\\\/image\\\/\",\"url\":\"https:\\\/\\\/www.colanar.com\\\/wp-content\\\/uploads\\\/2020\\\/07\\\/colanar_logo1.png\",\"contentUrl\":\"https:\\\/\\\/www.colanar.com\\\/wp-content\\\/uploads\\\/2020\\\/07\\\/colanar_logo1.png\",\"width\":246,\"height\":85,\"caption\":\"Colanar\"},\"image\":{\"@id\":\"https:\\\/\\\/www.colanar.com\\\/es\\\/de\\\/#\\\/schema\\\/logo\\\/image\\\/\"}}]}<\/script>\n<!-- \/ Yoast SEO plugin. -->","yoast_head_json":{"title":"M\u00e1quinas de mesa - Colanar","description":"M\u00e1quinas de alta calidad que ocupan poco espacio para tapar, desatascar o llenar. Aplicaciones farmac\u00e9uticas y biotecnol\u00f3gicas.","robots":{"index":"index","follow":"follow","max-snippet":"max-snippet:-1","max-image-preview":"max-image-preview:large","max-video-preview":"max-video-preview:-1"},"canonical":"https:\/\/www.colanar.com\/es\/productos\/maquinas-de-mesa\/","og_locale":"es_ES","og_type":"article","og_title":"M\u00e1quinas de mesa - Colanar","og_description":"M\u00e1quinas de alta calidad que ocupan poco espacio para tapar, desatascar o llenar. Aplicaciones farmac\u00e9uticas y biotecnol\u00f3gicas.","og_url":"https:\/\/www.colanar.com\/es\/productos\/maquinas-de-mesa\/","og_site_name":"Colanar","article_modified_time":"2022-11-10T16:06:33+00:00","twitter_card":"summary_large_image","schema":{"@context":"https:\/\/schema.org","@graph":[{"@type":"WebPage","@id":"https:\/\/www.colanar.com\/es\/productos\/maquinas-de-mesa\/","url":"https:\/\/www.colanar.com\/es\/productos\/maquinas-de-mesa\/","name":"M\u00e1quinas de mesa - Colanar","isPartOf":{"@id":"https:\/\/www.colanar.com\/es\/de\/#website"},"datePublished":"2020-07-22T00:18:55+00:00","dateModified":"2022-11-10T16:06:33+00:00","description":"M\u00e1quinas de alta calidad que ocupan poco espacio para tapar, desatascar o llenar. Aplicaciones farmac\u00e9uticas y biotecnol\u00f3gicas.","breadcrumb":{"@id":"https:\/\/www.colanar.com\/es\/productos\/maquinas-de-mesa\/#breadcrumb"},"inLanguage":"es","potentialAction":[{"@type":"ReadAction","target":["https:\/\/www.colanar.com\/es\/productos\/maquinas-de-mesa\/"]}]},{"@type":"BreadcrumbList","@id":"https:\/\/www.colanar.com\/es\/productos\/maquinas-de-mesa\/#breadcrumb","itemListElement":[{"@type":"ListItem","position":1,"name":"Home","item":"https:\/\/www.colanar.com\/es\/"},{"@type":"ListItem","position":2,"name":"Productos","item":"https:\/\/www.colanar.com\/es\/productos\/"},{"@type":"ListItem","position":3,"name":"M\u00e1quinas de mesa"}]},{"@type":"WebSite","@id":"https:\/\/www.colanar.com\/es\/de\/#website","url":"https:\/\/www.colanar.com\/es\/de\/","name":"Colanar","description":"Innovative Solutions. Quality Products.","publisher":{"@id":"https:\/\/www.colanar.com\/es\/de\/#organization"},"potentialAction":[{"@type":"SearchAction","target":{"@type":"EntryPoint","urlTemplate":"https:\/\/www.colanar.com\/es\/de\/?s={search_term_string}"},"query-input":{"@type":"PropertyValueSpecification","valueRequired":true,"valueName":"search_term_string"}}],"inLanguage":"es"},{"@type":"Organization","@id":"https:\/\/www.colanar.com\/es\/de\/#organization","name":"Colanar","url":"https:\/\/www.colanar.com\/es\/de\/","logo":{"@type":"ImageObject","inLanguage":"es","@id":"https:\/\/www.colanar.com\/es\/de\/#\/schema\/logo\/image\/","url":"https:\/\/www.colanar.com\/wp-content\/uploads\/2020\/07\/colanar_logo1.png","contentUrl":"https:\/\/www.colanar.com\/wp-content\/uploads\/2020\/07\/colanar_logo1.png","width":246,"height":85,"caption":"Colanar"},"image":{"@id":"https:\/\/www.colanar.com\/es\/de\/#\/schema\/logo\/image\/"}}]}},"_links":{"self":[{"href":"https:\/\/www.colanar.com\/es\/wp-json\/wp\/v2\/pages\/3117","targetHints":{"allow":["GET"]}}],"collection":[{"href":"https:\/\/www.colanar.com\/es\/wp-json\/wp\/v2\/pages"}],"about":[{"href":"https:\/\/www.colanar.com\/es\/wp-json\/wp\/v2\/types\/page"}],"author":[{"embeddable":true,"href":"https:\/\/www.colanar.com\/es\/wp-json\/wp\/v2\/users\/1"}],"replies":[{"embeddable":true,"href":"https:\/\/www.colanar.com\/es\/wp-json\/wp\/v2\/comments?post=3117"}],"version-history":[{"count":0,"href":"https:\/\/www.colanar.com\/es\/wp-json\/wp\/v2\/pages\/3117\/revisions"}],"up":[{"embeddable":true,"href":"https:\/\/www.colanar.com\/es\/wp-json\/wp\/v2\/pages\/3115"}],"wp:attachment":[{"href":"https:\/\/www.colanar.com\/es\/wp-json\/wp\/v2\/media?parent=3117"}],"curies":[{"name":"wp","href":"https:\/\/api.w.org\/{rel}","templated":true}]}}