{"id":3201,"date":"2020-07-21T23:26:21","date_gmt":"2020-07-21T23:26:21","guid":{"rendered":"https:\/\/bashirhasan.com\/testing\/productos\/sistemas-de-bombas\/"},"modified":"2022-12-08T19:40:19","modified_gmt":"2022-12-08T19:40:19","slug":"sistemas-de-bombeo","status":"publish","type":"page","link":"https:\/\/www.colanar.com\/es\/productos\/sistemas-de-bombeo\/","title":{"rendered":"Sistemas de bombeo"},"content":{"rendered":"\t\t<div data-elementor-type=\"wp-page\" data-elementor-id=\"3201\" class=\"elementor elementor-3201 elementor-2122\" data-elementor-post-type=\"page\">\n\t\t\t\t\t\t<section class=\"elementor-section elementor-top-section elementor-element elementor-element-ceee719 elementor-section-stretched elementor-section-boxed elementor-section-height-default elementor-section-height-default\" data-id=\"ceee719\" data-element_type=\"section\" data-e-type=\"section\" data-settings=\"{&quot;stretch_section&quot;:&quot;section-stretched&quot;,&quot;background_background&quot;:&quot;gradient&quot;}\">\n\t\t\t\t\t\t\t<div class=\"elementor-background-overlay\"><\/div>\n\t\t\t\t\t\t\t<div class=\"elementor-container elementor-column-gap-default\">\n\t\t\t\t\t<div class=\"elementor-column elementor-col-100 elementor-top-column elementor-element elementor-element-e02a5c2\" data-id=\"e02a5c2\" data-element_type=\"column\" data-e-type=\"column\">\n\t\t\t<div class=\"elementor-widget-wrap elementor-element-populated\">\n\t\t\t\t\t\t<div class=\"elementor-element elementor-element-ba56bf6 elementor-widget elementor-widget-heading\" data-id=\"ba56bf6\" data-element_type=\"widget\" data-e-type=\"widget\" data-widget_type=\"heading.default\">\n\t\t\t\t<div class=\"elementor-widget-container\">\n\t\t\t\t\t<h2 class=\"elementor-heading-title elementor-size-default\">Sistemas de bombeo<\/h2>\t\t\t\t<\/div>\n\t\t\t\t<\/div>\n\t\t\t\t\t<\/div>\n\t\t<\/div>\n\t\t\t\t\t<\/div>\n\t\t<\/section>\n\t\t\t\t<section class=\"elementor-section elementor-top-section elementor-element elementor-element-fa31f0a elementor-hidden-phone elementor-section-boxed elementor-section-height-default elementor-section-height-default\" data-id=\"fa31f0a\" data-element_type=\"section\" data-e-type=\"section\">\n\t\t\t\t\t\t\t<div class=\"elementor-background-overlay\"><\/div>\n\t\t\t\t\t\t\t<div class=\"elementor-container elementor-column-gap-default\">\n\t\t\t\t\t<div class=\"elementor-column elementor-col-20 elementor-top-column elementor-element elementor-element-ff2f70f elementor-hidden-tablet\" data-id=\"ff2f70f\" data-element_type=\"column\" data-e-type=\"column\">\n\t\t\t<div class=\"elementor-widget-wrap\">\n\t\t\t\t\t\t\t<\/div>\n\t\t<\/div>\n\t\t\t\t<div class=\"elementor-column elementor-col-20 elementor-top-column elementor-element elementor-element-c9d97f7\" data-id=\"c9d97f7\" data-element_type=\"column\" data-e-type=\"column\">\n\t\t\t<div class=\"elementor-widget-wrap elementor-element-populated\">\n\t\t\t\t\t\t<div class=\"elementor-element elementor-element-d4a0cea elementor-flip-box--effect-zoom-in animated-fast elementor-invisible elementor-widget elementor-widget-flip-box\" data-id=\"d4a0cea\" data-element_type=\"widget\" data-e-type=\"widget\" data-settings=\"{&quot;_animation&quot;:&quot;fadeInUp&quot;}\" data-widget_type=\"flip-box.default\">\n\t\t\t\t<div class=\"elementor-widget-container\">\n\t\t\t\t\t\t\t<div class=\"elementor-flip-box\" tabindex=\"0\">\n\t\t\t<div class=\"elementor-flip-box__layer elementor-flip-box__front\">\n\t\t\t\t<div class=\"elementor-flip-box__layer__overlay\">\n\t\t\t\t\t<div class=\"elementor-flip-box__layer__inner\">\n\t\t\t\t\t\t\n\t\t\t\t\t\t\t\t\t\t\t\t\t<h3 class=\"elementor-flip-box__layer__title\">\n\t\t\t\t\t\t\t\tBombas de pist\u00f3n rotativo FSD\t\t\t\t\t\t\t<\/h3>\n\t\t\t\t\t\t\n\t\t\t\t\t\t\t\t\t\t\t<\/div>\n\t\t\t\t<\/div>\n\t\t\t<\/div>\n\t\t\t<a class=\"elementor-flip-box__layer elementor-flip-box__back\" href=\"https:\/\/www.colanar.com\/es\/productos\/sistemas-de-bombeo\/bombas-de-piston-rotativo-fsd\/\">\n\t\t\t<div class=\"elementor-flip-box__layer__overlay\">\n\t\t\t\t<div class=\"elementor-flip-box__layer__inner\">\n\t\t\t\t\t\n\t\t\t\t\t\n\t\t\t\t\t\t\t\t\t\t\t<span class=\"elementor-flip-box__button elementor-button elementor-size-sm\">\n\t\t\t\t\t\t\tDescubrir m\u00e1s\t\t\t\t\t\t<\/span>\n\t\t\t\t\t\t\t\t<\/div>\n\t\t<\/div>\n\t\t<\/a>\n\t\t<\/div>\n\t\t\t\t\t\t<\/div>\n\t\t\t\t<\/div>\n\t\t\t\t\t<\/div>\n\t\t<\/div>\n\t\t\t\t<div class=\"elementor-column elementor-col-20 elementor-top-column elementor-element elementor-element-8b6cfeb\" data-id=\"8b6cfeb\" data-element_type=\"column\" data-e-type=\"column\">\n\t\t\t<div class=\"elementor-widget-wrap elementor-element-populated\">\n\t\t\t\t\t\t<div class=\"elementor-element elementor-element-a0c9395 elementor-flip-box--effect-zoom-in animated-fast elementor-invisible elementor-widget elementor-widget-flip-box\" data-id=\"a0c9395\" data-element_type=\"widget\" data-e-type=\"widget\" data-settings=\"{&quot;_animation&quot;:&quot;fadeInUp&quot;,&quot;_animation_delay&quot;:200}\" data-widget_type=\"flip-box.default\">\n\t\t\t\t<div class=\"elementor-widget-container\">\n\t\t\t\t\t\t\t<div class=\"elementor-flip-box\" tabindex=\"0\">\n\t\t\t<div class=\"elementor-flip-box__layer elementor-flip-box__front\">\n\t\t\t\t<div class=\"elementor-flip-box__layer__overlay\">\n\t\t\t\t\t<div class=\"elementor-flip-box__layer__inner\">\n\t\t\t\t\t\t\n\t\t\t\t\t\t\t\t\t\t\t\t\t<h3 class=\"elementor-flip-box__layer__title\">\n\t\t\t\t\t\t\t\tSistema de bomba de pist\u00f3n rotatorio FSR\t\t\t\t\t\t\t<\/h3>\n\t\t\t\t\t\t\n\t\t\t\t\t\t\t\t\t\t\t<\/div>\n\t\t\t\t<\/div>\n\t\t\t<\/div>\n\t\t\t<a class=\"elementor-flip-box__layer elementor-flip-box__back\" href=\"https:\/\/www.colanar.com\/es\/productos\/sistemas-de-bombeo\/sistema-de-llenado-de-bomba-de-piston-rotatorio-fsr\/\">\n\t\t\t<div class=\"elementor-flip-box__layer__overlay\">\n\t\t\t\t<div class=\"elementor-flip-box__layer__inner\">\n\t\t\t\t\t\n\t\t\t\t\t\n\t\t\t\t\t\t\t\t\t\t\t<span class=\"elementor-flip-box__button elementor-button elementor-size-sm\">\n\t\t\t\t\t\t\tDescubrir m\u00e1s\t\t\t\t\t\t<\/span>\n\t\t\t\t\t\t\t\t<\/div>\n\t\t<\/div>\n\t\t<\/a>\n\t\t<\/div>\n\t\t\t\t\t\t<\/div>\n\t\t\t\t<\/div>\n\t\t\t\t\t<\/div>\n\t\t<\/div>\n\t\t\t\t<div class=\"elementor-column elementor-col-20 elementor-top-column elementor-element elementor-element-c3fdc68\" data-id=\"c3fdc68\" data-element_type=\"column\" data-e-type=\"column\">\n\t\t\t<div class=\"elementor-widget-wrap elementor-element-populated\">\n\t\t\t\t\t\t<div class=\"elementor-element elementor-element-e486698 elementor-flip-box--effect-zoom-in animated-fast elementor-invisible elementor-widget elementor-widget-flip-box\" data-id=\"e486698\" data-element_type=\"widget\" data-e-type=\"widget\" data-settings=\"{&quot;_animation&quot;:&quot;fadeInUp&quot;,&quot;_animation_delay&quot;:400}\" data-widget_type=\"flip-box.default\">\n\t\t\t\t<div class=\"elementor-widget-container\">\n\t\t\t\t\t\t\t<div class=\"elementor-flip-box\" tabindex=\"0\">\n\t\t\t<div class=\"elementor-flip-box__layer elementor-flip-box__front\">\n\t\t\t\t<div class=\"elementor-flip-box__layer__overlay\">\n\t\t\t\t\t<div class=\"elementor-flip-box__layer__inner\">\n\t\t\t\t\t\t\n\t\t\t\t\t\t\t\t\t\t\t\t\t<h3 class=\"elementor-flip-box__layer__title\">\n\t\t\t\t\t\t\t\tBomba perist\u00e1ltica FSP\t\t\t\t\t\t\t<\/h3>\n\t\t\t\t\t\t\n\t\t\t\t\t\t\t\t\t\t\t<\/div>\n\t\t\t\t<\/div>\n\t\t\t<\/div>\n\t\t\t<a class=\"elementor-flip-box__layer elementor-flip-box__back\" href=\"https:\/\/www.colanar.com\/es\/productos\/sistemas-de-bombeo\/bomba-peristaltica-fsp\/\">\n\t\t\t<div class=\"elementor-flip-box__layer__overlay\">\n\t\t\t\t<div class=\"elementor-flip-box__layer__inner\">\n\t\t\t\t\t\n\t\t\t\t\t\n\t\t\t\t\t\t\t\t\t\t\t<span class=\"elementor-flip-box__button elementor-button elementor-size-sm\">\n\t\t\t\t\t\t\tDescubrir m\u00e1s\t\t\t\t\t\t<\/span>\n\t\t\t\t\t\t\t\t<\/div>\n\t\t<\/div>\n\t\t<\/a>\n\t\t<\/div>\n\t\t\t\t\t\t<\/div>\n\t\t\t\t<\/div>\n\t\t\t\t\t<\/div>\n\t\t<\/div>\n\t\t\t\t<div class=\"elementor-column elementor-col-20 elementor-top-column elementor-element elementor-element-1c79b03 elementor-hidden-tablet\" data-id=\"1c79b03\" data-element_type=\"column\" data-e-type=\"column\">\n\t\t\t<div class=\"elementor-widget-wrap\">\n\t\t\t\t\t\t\t<\/div>\n\t\t<\/div>\n\t\t\t\t\t<\/div>\n\t\t<\/section>\n\t\t\t\t<section class=\"elementor-section elementor-top-section elementor-element elementor-element-8da4767 elementor-hidden-desktop elementor-hidden-tablet elementor-section-boxed elementor-section-height-default elementor-section-height-default\" data-id=\"8da4767\" data-element_type=\"section\" data-e-type=\"section\">\n\t\t\t\t\t\t\t<div class=\"elementor-background-overlay\"><\/div>\n\t\t\t\t\t\t\t<div class=\"elementor-container elementor-column-gap-default\">\n\t\t\t\t\t<div class=\"elementor-column elementor-col-33 elementor-top-column elementor-element elementor-element-a947bb2\" data-id=\"a947bb2\" data-element_type=\"column\" data-e-type=\"column\">\n\t\t\t<div class=\"elementor-widget-wrap elementor-element-populated\">\n\t\t\t\t\t\t<div class=\"elementor-element elementor-element-ef39878 elementor-cta--skin-cover elementor-animated-content elementor-bg-transform elementor-bg-transform-zoom-in elementor-widget elementor-widget-call-to-action\" data-id=\"ef39878\" data-element_type=\"widget\" data-e-type=\"widget\" data-widget_type=\"call-to-action.default\">\n\t\t\t\t<div class=\"elementor-widget-container\">\n\t\t\t\t\t\t\t<a class=\"elementor-cta\" href=\"http:\/\/sarahk31.sg-host.com\/rotary-piston-pumps-fsd\/\">\n\t\t\t\t\t<div class=\"elementor-cta__bg-wrapper\">\n\t\t\t\t<div class=\"elementor-cta__bg elementor-bg\" style=\"background-image: url(https:\/\/www.colanar.com\/wp-content\/uploads\/2020\/09\/Pump-Closed-No-Shadow-1024x685.png);\" role=\"img\" aria-label=\"Pump Closed - No Shadow\"><\/div>\n\t\t\t\t<div class=\"elementor-cta__bg-overlay\"><\/div>\n\t\t\t<\/div>\n\t\t\t\t\t\t\t<div class=\"elementor-cta__content\">\n\t\t\t\t\n\t\t\t\t\t\t\t\t\t<h2 class=\"elementor-cta__title elementor-cta__content-item elementor-content-item elementor-animated-item--grow\">\n\t\t\t\t\t\tBomba perist\u00e1ltica FSP\t\t\t\t\t<\/h2>\n\t\t\t\t\n\t\t\t\t\n\t\t\t\t\t\t\t\t\t<div class=\"elementor-cta__button-wrapper elementor-cta__content-item elementor-content-item elementor-animated-item--grow\">\n\t\t\t\t\t<span class=\"elementor-cta__button elementor-button elementor-size-\">\n\t\t\t\t\t\tDescubrir m\u00e1s\t\t\t\t\t<\/span>\n\t\t\t\t\t<\/div>\n\t\t\t\t\t\t\t<\/div>\n\t\t\t\t\t\t<\/a>\n\t\t\t\t\t\t<\/div>\n\t\t\t\t<\/div>\n\t\t\t\t\t<\/div>\n\t\t<\/div>\n\t\t\t\t<div class=\"elementor-column elementor-col-33 elementor-top-column elementor-element elementor-element-3b2dc6c\" data-id=\"3b2dc6c\" data-element_type=\"column\" data-e-type=\"column\">\n\t\t\t<div class=\"elementor-widget-wrap elementor-element-populated\">\n\t\t\t\t\t\t<div class=\"elementor-element elementor-element-216eacd elementor-cta--skin-cover elementor-animated-content elementor-bg-transform elementor-bg-transform-zoom-in elementor-widget elementor-widget-call-to-action\" data-id=\"216eacd\" data-element_type=\"widget\" data-e-type=\"widget\" data-widget_type=\"call-to-action.default\">\n\t\t\t\t<div class=\"elementor-widget-container\">\n\t\t\t\t\t\t\t<a class=\"elementor-cta\" href=\"http:\/\/sarahk31.sg-host.com\/rotary-piston-pump-filling-system-fsr\/\">\n\t\t\t\t\t<div class=\"elementor-cta__bg-wrapper\">\n\t\t\t\t<div class=\"elementor-cta__bg elementor-bg\" style=\"background-image: url();\" role=\"img\" aria-label=\"\"><\/div>\n\t\t\t\t<div class=\"elementor-cta__bg-overlay\"><\/div>\n\t\t\t<\/div>\n\t\t\t\t\t\t\t<div class=\"elementor-cta__content\">\n\t\t\t\t\n\t\t\t\t\t\t\t\t\t<h2 class=\"elementor-cta__title elementor-cta__content-item elementor-content-item elementor-animated-item--grow\">\n\t\t\t\t\t\tBombas de pist\u00f3n rotativo FSR\t\t\t\t\t<\/h2>\n\t\t\t\t\n\t\t\t\t\n\t\t\t\t\t\t\t\t\t<div class=\"elementor-cta__button-wrapper elementor-cta__content-item elementor-content-item elementor-animated-item--grow\">\n\t\t\t\t\t<span class=\"elementor-cta__button elementor-button elementor-size-\">\n\t\t\t\t\t\tDescubrir m\u00e1s\t\t\t\t\t<\/span>\n\t\t\t\t\t<\/div>\n\t\t\t\t\t\t\t<\/div>\n\t\t\t\t\t\t<\/a>\n\t\t\t\t\t\t<\/div>\n\t\t\t\t<\/div>\n\t\t\t\t\t<\/div>\n\t\t<\/div>\n\t\t\t\t<div class=\"elementor-column elementor-col-33 elementor-top-column elementor-element elementor-element-bb9f904\" data-id=\"bb9f904\" data-element_type=\"column\" data-e-type=\"column\">\n\t\t\t<div class=\"elementor-widget-wrap elementor-element-populated\">\n\t\t\t\t\t\t<div class=\"elementor-element elementor-element-8c97f76 elementor-cta--skin-cover elementor-animated-content elementor-bg-transform elementor-bg-transform-zoom-in elementor-widget elementor-widget-call-to-action\" data-id=\"8c97f76\" data-element_type=\"widget\" data-e-type=\"widget\" data-widget_type=\"call-to-action.default\">\n\t\t\t\t<div class=\"elementor-widget-container\">\n\t\t\t\t\t\t\t<a class=\"elementor-cta\" href=\"http:\/\/sarahk31.sg-host.com\/peristaltic-pump-fsp\/\">\n\t\t\t\t\t<div class=\"elementor-cta__bg-wrapper\">\n\t\t\t\t<div class=\"elementor-cta__bg elementor-bg\" style=\"background-image: url(https:\/\/www.colanar.com\/wp-content\/uploads\/2020\/10\/FSTR-1002-683x1024.jpg);\" role=\"img\" aria-label=\"FSTR 1002\"><\/div>\n\t\t\t\t<div class=\"elementor-cta__bg-overlay\"><\/div>\n\t\t\t<\/div>\n\t\t\t\t\t\t\t<div class=\"elementor-cta__content\">\n\t\t\t\t\n\t\t\t\t\t\t\t\t\t<h2 class=\"elementor-cta__title elementor-cta__content-item elementor-content-item elementor-animated-item--grow\">\n\t\t\t\t\t\tSistema de bomba de pist\u00f3n rotatorio FSP\t\t\t\t\t<\/h2>\n\t\t\t\t\n\t\t\t\t\n\t\t\t\t\t\t\t\t\t<div class=\"elementor-cta__button-wrapper elementor-cta__content-item elementor-content-item elementor-animated-item--grow\">\n\t\t\t\t\t<span class=\"elementor-cta__button elementor-button elementor-size-\">\n\t\t\t\t\t\tDescubrir m\u00e1s\t\t\t\t\t<\/span>\n\t\t\t\t\t<\/div>\n\t\t\t\t\t\t\t<\/div>\n\t\t\t\t\t\t<\/a>\n\t\t\t\t\t\t<\/div>\n\t\t\t\t<\/div>\n\t\t\t\t\t<\/div>\n\t\t<\/div>\n\t\t\t\t\t<\/div>\n\t\t<\/section>\n\t\t\t\t<section class=\"elementor-section elementor-top-section elementor-element elementor-element-c99a1a1 elementor-section-boxed elementor-section-height-default elementor-section-height-default\" data-id=\"c99a1a1\" data-element_type=\"section\" data-e-type=\"section\">\n\t\t\t\t\t\t<div class=\"elementor-container elementor-column-gap-default\">\n\t\t\t\t\t<div class=\"elementor-column elementor-col-100 elementor-top-column elementor-element elementor-element-050319f\" data-id=\"050319f\" data-element_type=\"column\" data-e-type=\"column\">\n\t\t\t<div class=\"elementor-widget-wrap elementor-element-populated\">\n\t\t\t\t\t\t<div class=\"elementor-element elementor-element-5360415 elementor-widget elementor-widget-text-editor\" data-id=\"5360415\" data-element_type=\"widget\" data-e-type=\"widget\" data-widget_type=\"text-editor.default\">\n\t\t\t\t<div class=\"elementor-widget-container\">\n\t\t\t\t\t\t\t\t\t<p>Los sistemas avanzados de llenado de l\u00edquidos de COLANAR se han desarrollado espec\u00edficamente teniendo en cuenta las aplicaciones de llenado de l\u00edquidos farmac\u00e9uticas y biotecnol\u00f3gicas. Nuestras bombas perist\u00e1lticas FSD de pist\u00f3n rotatorio y FSP est\u00e1n disponibles como m\u00e1quinas dosificadoras semiautom\u00e1ticas de sobremesa para su uso en laboratorios, carros de bombas, pero tambi\u00e9n se integran f\u00e1cilmente en equipos de llenado de l\u00edquidos farmac\u00e9uticos nuevos y ya existentes.<\/p>\n\t\t\t\t\t\t\t\t<\/div>\n\t\t\t\t<\/div>\n\t\t\t\t\t<\/div>\n\t\t<\/div>\n\t\t\t\t\t<\/div>\n\t\t<\/section>\n\t\t\t\t<\/div>\n\t\t","protected":false},"excerpt":{"rendered":"<p>Sistemas de bombeo Bombas de pist\u00f3n rotativo FSD Descubrir m\u00e1s Sistema de bomba de pist\u00f3n rotatorio FSR Descubrir m\u00e1s Bomba perist\u00e1ltica FSP Descubrir m\u00e1s Bomba perist\u00e1ltica FSP Descubrir m\u00e1s Bombas de pist\u00f3n rotativo FSR Descubrir m\u00e1s Sistema de bomba de pist\u00f3n rotatorio FSP Descubrir m\u00e1s Los sistemas avanzados de llenado de l\u00edquidos de COLANAR se [&hellip;]<\/p>\n","protected":false},"author":1,"featured_media":0,"parent":3115,"menu_order":0,"comment_status":"closed","ping_status":"closed","template":"","meta":{"footnotes":""},"class_list":["post-3201","page","type-page","status-publish","hentry","entry"],"yoast_head":"<!-- This site is optimized with the Yoast SEO plugin v27.3 - https:\/\/yoast.com\/product\/yoast-seo-wordpress\/ -->\n<title>Sistemas de bombeo - Colanar<\/title>\n<meta name=\"description\" content=\"Ofrecemos opciones de bombas perist\u00e1lticas y rotativas para sistemas avanzados de llenado de l\u00edquidos; con aplicaciones farmac\u00e9uticas y biotecnol\u00f3gicas.\" \/>\n<meta name=\"robots\" content=\"index, follow, max-snippet:-1, max-image-preview:large, max-video-preview:-1\" \/>\n<link rel=\"canonical\" href=\"https:\/\/www.colanar.com\/es\/productos\/sistemas-de-bombeo\/\" \/>\n<meta property=\"og:locale\" content=\"es_ES\" \/>\n<meta property=\"og:type\" content=\"article\" \/>\n<meta property=\"og:title\" content=\"Sistemas de bombeo - Colanar\" \/>\n<meta property=\"og:description\" content=\"Ofrecemos opciones de bombas perist\u00e1lticas y rotativas para sistemas avanzados de llenado de l\u00edquidos; con aplicaciones farmac\u00e9uticas y biotecnol\u00f3gicas.\" \/>\n<meta property=\"og:url\" content=\"https:\/\/www.colanar.com\/es\/productos\/sistemas-de-bombeo\/\" \/>\n<meta property=\"og:site_name\" content=\"Colanar\" \/>\n<meta property=\"article:modified_time\" content=\"2022-12-08T19:40:19+00:00\" \/>\n<meta name=\"twitter:card\" content=\"summary_large_image\" \/>\n<meta name=\"twitter:label1\" content=\"Tiempo de lectura\" \/>\n\t<meta name=\"twitter:data1\" content=\"1 minuto\" \/>\n<script type=\"application\/ld+json\" class=\"yoast-schema-graph\">{\"@context\":\"https:\\\/\\\/schema.org\",\"@graph\":[{\"@type\":\"WebPage\",\"@id\":\"https:\\\/\\\/www.colanar.com\\\/es\\\/productos\\\/sistemas-de-bombeo\\\/\",\"url\":\"https:\\\/\\\/www.colanar.com\\\/es\\\/productos\\\/sistemas-de-bombeo\\\/\",\"name\":\"Sistemas de bombeo - Colanar\",\"isPartOf\":{\"@id\":\"https:\\\/\\\/www.colanar.com\\\/es\\\/de\\\/#website\"},\"datePublished\":\"2020-07-21T23:26:21+00:00\",\"dateModified\":\"2022-12-08T19:40:19+00:00\",\"description\":\"Ofrecemos opciones de bombas perist\u00e1lticas y rotativas para sistemas avanzados de llenado de l\u00edquidos; con aplicaciones farmac\u00e9uticas y biotecnol\u00f3gicas.\",\"breadcrumb\":{\"@id\":\"https:\\\/\\\/www.colanar.com\\\/es\\\/productos\\\/sistemas-de-bombeo\\\/#breadcrumb\"},\"inLanguage\":\"es\",\"potentialAction\":[{\"@type\":\"ReadAction\",\"target\":[\"https:\\\/\\\/www.colanar.com\\\/es\\\/productos\\\/sistemas-de-bombeo\\\/\"]}]},{\"@type\":\"BreadcrumbList\",\"@id\":\"https:\\\/\\\/www.colanar.com\\\/es\\\/productos\\\/sistemas-de-bombeo\\\/#breadcrumb\",\"itemListElement\":[{\"@type\":\"ListItem\",\"position\":1,\"name\":\"Home\",\"item\":\"https:\\\/\\\/www.colanar.com\\\/es\\\/\"},{\"@type\":\"ListItem\",\"position\":2,\"name\":\"Productos\",\"item\":\"https:\\\/\\\/www.colanar.com\\\/es\\\/productos\\\/\"},{\"@type\":\"ListItem\",\"position\":3,\"name\":\"Sistemas de bombeo\"}]},{\"@type\":\"WebSite\",\"@id\":\"https:\\\/\\\/www.colanar.com\\\/es\\\/de\\\/#website\",\"url\":\"https:\\\/\\\/www.colanar.com\\\/es\\\/de\\\/\",\"name\":\"Colanar\",\"description\":\"Innovative Solutions. Quality Products.\",\"publisher\":{\"@id\":\"https:\\\/\\\/www.colanar.com\\\/es\\\/de\\\/#organization\"},\"potentialAction\":[{\"@type\":\"SearchAction\",\"target\":{\"@type\":\"EntryPoint\",\"urlTemplate\":\"https:\\\/\\\/www.colanar.com\\\/es\\\/de\\\/?s={search_term_string}\"},\"query-input\":{\"@type\":\"PropertyValueSpecification\",\"valueRequired\":true,\"valueName\":\"search_term_string\"}}],\"inLanguage\":\"es\"},{\"@type\":\"Organization\",\"@id\":\"https:\\\/\\\/www.colanar.com\\\/es\\\/de\\\/#organization\",\"name\":\"Colanar\",\"url\":\"https:\\\/\\\/www.colanar.com\\\/es\\\/de\\\/\",\"logo\":{\"@type\":\"ImageObject\",\"inLanguage\":\"es\",\"@id\":\"https:\\\/\\\/www.colanar.com\\\/es\\\/de\\\/#\\\/schema\\\/logo\\\/image\\\/\",\"url\":\"https:\\\/\\\/www.colanar.com\\\/wp-content\\\/uploads\\\/2020\\\/07\\\/colanar_logo1.png\",\"contentUrl\":\"https:\\\/\\\/www.colanar.com\\\/wp-content\\\/uploads\\\/2020\\\/07\\\/colanar_logo1.png\",\"width\":246,\"height\":85,\"caption\":\"Colanar\"},\"image\":{\"@id\":\"https:\\\/\\\/www.colanar.com\\\/es\\\/de\\\/#\\\/schema\\\/logo\\\/image\\\/\"}}]}<\/script>\n<!-- \/ Yoast SEO plugin. -->","yoast_head_json":{"title":"Sistemas de bombeo - Colanar","description":"Ofrecemos opciones de bombas perist\u00e1lticas y rotativas para sistemas avanzados de llenado de l\u00edquidos; con aplicaciones farmac\u00e9uticas y biotecnol\u00f3gicas.","robots":{"index":"index","follow":"follow","max-snippet":"max-snippet:-1","max-image-preview":"max-image-preview:large","max-video-preview":"max-video-preview:-1"},"canonical":"https:\/\/www.colanar.com\/es\/productos\/sistemas-de-bombeo\/","og_locale":"es_ES","og_type":"article","og_title":"Sistemas de bombeo - Colanar","og_description":"Ofrecemos opciones de bombas perist\u00e1lticas y rotativas para sistemas avanzados de llenado de l\u00edquidos; con aplicaciones farmac\u00e9uticas y biotecnol\u00f3gicas.","og_url":"https:\/\/www.colanar.com\/es\/productos\/sistemas-de-bombeo\/","og_site_name":"Colanar","article_modified_time":"2022-12-08T19:40:19+00:00","twitter_card":"summary_large_image","twitter_misc":{"Tiempo de lectura":"1 minuto"},"schema":{"@context":"https:\/\/schema.org","@graph":[{"@type":"WebPage","@id":"https:\/\/www.colanar.com\/es\/productos\/sistemas-de-bombeo\/","url":"https:\/\/www.colanar.com\/es\/productos\/sistemas-de-bombeo\/","name":"Sistemas de bombeo - Colanar","isPartOf":{"@id":"https:\/\/www.colanar.com\/es\/de\/#website"},"datePublished":"2020-07-21T23:26:21+00:00","dateModified":"2022-12-08T19:40:19+00:00","description":"Ofrecemos opciones de bombas perist\u00e1lticas y rotativas para sistemas avanzados de llenado de l\u00edquidos; con aplicaciones farmac\u00e9uticas y biotecnol\u00f3gicas.","breadcrumb":{"@id":"https:\/\/www.colanar.com\/es\/productos\/sistemas-de-bombeo\/#breadcrumb"},"inLanguage":"es","potentialAction":[{"@type":"ReadAction","target":["https:\/\/www.colanar.com\/es\/productos\/sistemas-de-bombeo\/"]}]},{"@type":"BreadcrumbList","@id":"https:\/\/www.colanar.com\/es\/productos\/sistemas-de-bombeo\/#breadcrumb","itemListElement":[{"@type":"ListItem","position":1,"name":"Home","item":"https:\/\/www.colanar.com\/es\/"},{"@type":"ListItem","position":2,"name":"Productos","item":"https:\/\/www.colanar.com\/es\/productos\/"},{"@type":"ListItem","position":3,"name":"Sistemas de bombeo"}]},{"@type":"WebSite","@id":"https:\/\/www.colanar.com\/es\/de\/#website","url":"https:\/\/www.colanar.com\/es\/de\/","name":"Colanar","description":"Innovative Solutions. Quality Products.","publisher":{"@id":"https:\/\/www.colanar.com\/es\/de\/#organization"},"potentialAction":[{"@type":"SearchAction","target":{"@type":"EntryPoint","urlTemplate":"https:\/\/www.colanar.com\/es\/de\/?s={search_term_string}"},"query-input":{"@type":"PropertyValueSpecification","valueRequired":true,"valueName":"search_term_string"}}],"inLanguage":"es"},{"@type":"Organization","@id":"https:\/\/www.colanar.com\/es\/de\/#organization","name":"Colanar","url":"https:\/\/www.colanar.com\/es\/de\/","logo":{"@type":"ImageObject","inLanguage":"es","@id":"https:\/\/www.colanar.com\/es\/de\/#\/schema\/logo\/image\/","url":"https:\/\/www.colanar.com\/wp-content\/uploads\/2020\/07\/colanar_logo1.png","contentUrl":"https:\/\/www.colanar.com\/wp-content\/uploads\/2020\/07\/colanar_logo1.png","width":246,"height":85,"caption":"Colanar"},"image":{"@id":"https:\/\/www.colanar.com\/es\/de\/#\/schema\/logo\/image\/"}}]}},"_links":{"self":[{"href":"https:\/\/www.colanar.com\/es\/wp-json\/wp\/v2\/pages\/3201","targetHints":{"allow":["GET"]}}],"collection":[{"href":"https:\/\/www.colanar.com\/es\/wp-json\/wp\/v2\/pages"}],"about":[{"href":"https:\/\/www.colanar.com\/es\/wp-json\/wp\/v2\/types\/page"}],"author":[{"embeddable":true,"href":"https:\/\/www.colanar.com\/es\/wp-json\/wp\/v2\/users\/1"}],"replies":[{"embeddable":true,"href":"https:\/\/www.colanar.com\/es\/wp-json\/wp\/v2\/comments?post=3201"}],"version-history":[{"count":0,"href":"https:\/\/www.colanar.com\/es\/wp-json\/wp\/v2\/pages\/3201\/revisions"}],"up":[{"embeddable":true,"href":"https:\/\/www.colanar.com\/es\/wp-json\/wp\/v2\/pages\/3115"}],"wp:attachment":[{"href":"https:\/\/www.colanar.com\/es\/wp-json\/wp\/v2\/media?parent=3201"}],"curies":[{"name":"wp","href":"https:\/\/api.w.org\/{rel}","templated":true}]}}