{"id":3209,"date":"2020-07-22T00:27:28","date_gmt":"2020-07-22T00:27:28","guid":{"rendered":"https:\/\/bashirhasan.com\/testing\/productos\/kits-de-un-solo-uso\/"},"modified":"2022-11-09T19:56:22","modified_gmt":"2022-11-09T19:56:22","slug":"kits-de-un-solo-uso","status":"publish","type":"page","link":"https:\/\/www.colanar.com\/es\/productos\/kits-de-un-solo-uso\/","title":{"rendered":"Kits de un solo uso"},"content":{"rendered":"\t\t<div data-elementor-type=\"wp-page\" data-elementor-id=\"3209\" class=\"elementor elementor-3209 elementor-2162\" data-elementor-post-type=\"page\">\n\t\t\t\t\t\t<section class=\"elementor-section elementor-top-section elementor-element elementor-element-460139d2 elementor-section-stretched elementor-section-boxed elementor-section-height-default elementor-section-height-default\" data-id=\"460139d2\" data-element_type=\"section\" data-e-type=\"section\" data-settings=\"{&quot;stretch_section&quot;:&quot;section-stretched&quot;,&quot;background_background&quot;:&quot;gradient&quot;}\">\n\t\t\t\t\t\t\t<div class=\"elementor-background-overlay\"><\/div>\n\t\t\t\t\t\t\t<div class=\"elementor-container elementor-column-gap-default\">\n\t\t\t\t\t<div class=\"elementor-column elementor-col-100 elementor-top-column elementor-element elementor-element-1c2ea23c\" data-id=\"1c2ea23c\" data-element_type=\"column\" data-e-type=\"column\">\n\t\t\t<div class=\"elementor-widget-wrap elementor-element-populated\">\n\t\t\t\t\t\t<div class=\"elementor-element elementor-element-639974c7 elementor-widget elementor-widget-heading\" data-id=\"639974c7\" data-element_type=\"widget\" data-e-type=\"widget\" data-widget_type=\"heading.default\">\n\t\t\t\t<div class=\"elementor-widget-container\">\n\t\t\t\t\t<h2 class=\"elementor-heading-title elementor-size-default\">Kits de un solo uso<\/h2>\t\t\t\t<\/div>\n\t\t\t\t<\/div>\n\t\t\t\t\t<\/div>\n\t\t<\/div>\n\t\t\t\t\t<\/div>\n\t\t<\/section>\n\t\t\t\t<section class=\"elementor-section elementor-top-section elementor-element elementor-element-23704346 elementor-hidden-phone elementor-section-boxed elementor-section-height-default elementor-section-height-default\" data-id=\"23704346\" data-element_type=\"section\" data-e-type=\"section\">\n\t\t\t\t\t\t\t<div class=\"elementor-background-overlay\"><\/div>\n\t\t\t\t\t\t\t<div class=\"elementor-container elementor-column-gap-default\">\n\t\t\t\t\t<div class=\"elementor-column elementor-col-25 elementor-top-column elementor-element elementor-element-7cbc297 elementor-hidden-tablet\" data-id=\"7cbc297\" data-element_type=\"column\" data-e-type=\"column\">\n\t\t\t<div class=\"elementor-widget-wrap\">\n\t\t\t\t\t\t\t<\/div>\n\t\t<\/div>\n\t\t\t\t<div class=\"elementor-column elementor-col-25 elementor-top-column elementor-element elementor-element-4748bfb2\" data-id=\"4748bfb2\" data-element_type=\"column\" data-e-type=\"column\">\n\t\t\t<div class=\"elementor-widget-wrap elementor-element-populated\">\n\t\t\t\t\t\t<div class=\"elementor-element elementor-element-606ee977 elementor-flip-box--effect-zoom-in animated-fast elementor-invisible elementor-widget elementor-widget-flip-box\" data-id=\"606ee977\" data-element_type=\"widget\" data-e-type=\"widget\" data-settings=\"{&quot;_animation&quot;:&quot;fadeInUp&quot;}\" data-widget_type=\"flip-box.default\">\n\t\t\t\t<div class=\"elementor-widget-container\">\n\t\t\t\t\t\t\t<div class=\"elementor-flip-box\" tabindex=\"0\">\n\t\t\t<div class=\"elementor-flip-box__layer elementor-flip-box__front\">\n\t\t\t\t<div class=\"elementor-flip-box__layer__overlay\">\n\t\t\t\t\t<div class=\"elementor-flip-box__layer__inner\">\n\t\t\t\t\t\t\n\t\t\t\t\t\t\t\t\t\t\t\t\t<h3 class=\"elementor-flip-box__layer__title\">\n\t\t\t\t\t\t\t\tKits de tubos de un solo uso PSK\t\t\t\t\t\t\t<\/h3>\n\t\t\t\t\t\t\n\t\t\t\t\t\t\t\t\t\t\t<\/div>\n\t\t\t\t<\/div>\n\t\t\t<\/div>\n\t\t\t<a class=\"elementor-flip-box__layer elementor-flip-box__back\" href=\"https:\/\/www.colanar.com\/es\/productos\/kits-de-un-solo-uso\/kit-de-tuberia-de-un-solo-uso-psk\/\">\n\t\t\t<div class=\"elementor-flip-box__layer__overlay\">\n\t\t\t\t<div class=\"elementor-flip-box__layer__inner\">\n\t\t\t\t\t\n\t\t\t\t\t\n\t\t\t\t\t\t\t\t\t\t\t<span class=\"elementor-flip-box__button elementor-button elementor-size-sm\">\n\t\t\t\t\t\t\tDescubrir m\u00e1s\t\t\t\t\t\t<\/span>\n\t\t\t\t\t\t\t\t<\/div>\n\t\t<\/div>\n\t\t<\/a>\n\t\t<\/div>\n\t\t\t\t\t\t<\/div>\n\t\t\t\t<\/div>\n\t\t\t\t\t<\/div>\n\t\t<\/div>\n\t\t\t\t<div class=\"elementor-column elementor-col-25 elementor-top-column elementor-element elementor-element-5c1247ee\" data-id=\"5c1247ee\" data-element_type=\"column\" data-e-type=\"column\">\n\t\t\t<div class=\"elementor-widget-wrap elementor-element-populated\">\n\t\t\t\t\t\t<div class=\"elementor-element elementor-element-311d72d1 elementor-flip-box--effect-zoom-in animated-fast elementor-invisible elementor-widget elementor-widget-flip-box\" data-id=\"311d72d1\" data-element_type=\"widget\" data-e-type=\"widget\" data-settings=\"{&quot;_animation&quot;:&quot;fadeInUp&quot;,&quot;_animation_delay&quot;:200}\" data-widget_type=\"flip-box.default\">\n\t\t\t\t<div class=\"elementor-widget-container\">\n\t\t\t\t\t\t\t<div class=\"elementor-flip-box\" tabindex=\"0\">\n\t\t\t<div class=\"elementor-flip-box__layer elementor-flip-box__front\">\n\t\t\t\t<div class=\"elementor-flip-box__layer__overlay\">\n\t\t\t\t\t<div class=\"elementor-flip-box__layer__inner\">\n\t\t\t\t\t\t\n\t\t\t\t\t\t\t\t\t\t\t\t\t<h3 class=\"elementor-flip-box__layer__title\">\n\t\t\t\t\t\t\t\tM\u00f3dulo de monitoreo de bolsas de producto STB\t\t\t\t\t\t\t<\/h3>\n\t\t\t\t\t\t\n\t\t\t\t\t\t\t\t\t\t\t<\/div>\n\t\t\t\t<\/div>\n\t\t\t<\/div>\n\t\t\t<a class=\"elementor-flip-box__layer elementor-flip-box__back\" href=\"https:\/\/www.colanar.com\/es\/productos\/kits-de-un-solo-uso\/modulo-de-monitoreo-de-bolsas-de-producto-stb\/\">\n\t\t\t<div class=\"elementor-flip-box__layer__overlay\">\n\t\t\t\t<div class=\"elementor-flip-box__layer__inner\">\n\t\t\t\t\t\n\t\t\t\t\t\n\t\t\t\t\t\t\t\t\t\t\t<span class=\"elementor-flip-box__button elementor-button elementor-size-sm\">\n\t\t\t\t\t\t\tDescubrir m\u00e1s\t\t\t\t\t\t<\/span>\n\t\t\t\t\t\t\t\t<\/div>\n\t\t<\/div>\n\t\t<\/a>\n\t\t<\/div>\n\t\t\t\t\t\t<\/div>\n\t\t\t\t<\/div>\n\t\t\t\t\t<\/div>\n\t\t<\/div>\n\t\t\t\t<div class=\"elementor-column elementor-col-25 elementor-top-column elementor-element elementor-element-703243c elementor-hidden-tablet\" data-id=\"703243c\" data-element_type=\"column\" data-e-type=\"column\">\n\t\t\t<div class=\"elementor-widget-wrap\">\n\t\t\t\t\t\t\t<\/div>\n\t\t<\/div>\n\t\t\t\t\t<\/div>\n\t\t<\/section>\n\t\t\t\t<section class=\"elementor-section elementor-top-section elementor-element elementor-element-422c0b8d elementor-hidden-desktop elementor-hidden-tablet elementor-section-boxed elementor-section-height-default elementor-section-height-default\" data-id=\"422c0b8d\" data-element_type=\"section\" data-e-type=\"section\">\n\t\t\t\t\t\t\t<div class=\"elementor-background-overlay\"><\/div>\n\t\t\t\t\t\t\t<div class=\"elementor-container elementor-column-gap-default\">\n\t\t\t\t\t<div class=\"elementor-column elementor-col-50 elementor-top-column elementor-element elementor-element-4f0d9bad\" data-id=\"4f0d9bad\" data-element_type=\"column\" data-e-type=\"column\">\n\t\t\t<div class=\"elementor-widget-wrap elementor-element-populated\">\n\t\t\t\t\t\t<div class=\"elementor-element elementor-element-435c42d4 elementor-cta--skin-cover elementor-animated-content elementor-bg-transform elementor-bg-transform-zoom-in elementor-widget elementor-widget-call-to-action\" data-id=\"435c42d4\" data-element_type=\"widget\" data-e-type=\"widget\" data-widget_type=\"call-to-action.default\">\n\t\t\t\t<div class=\"elementor-widget-container\">\n\t\t\t\t\t\t\t<a class=\"elementor-cta\" href=\"http:\/\/sarahk31.sg-host.com\/single-use-tubing-kit-psk\/\">\n\t\t\t\t\t<div class=\"elementor-cta__bg-wrapper\">\n\t\t\t\t<div class=\"elementor-cta__bg elementor-bg\" style=\"background-image: url(https:\/\/www.colanar.com\/wp-content\/uploads\/2020\/07\/SingleUse_teaser-1.jpg);\" role=\"img\" aria-label=\"SingleUse_teaser\"><\/div>\n\t\t\t\t<div class=\"elementor-cta__bg-overlay\"><\/div>\n\t\t\t<\/div>\n\t\t\t\t\t\t\t<div class=\"elementor-cta__content\">\n\t\t\t\t\n\t\t\t\t\t\t\t\t\t<h2 class=\"elementor-cta__title elementor-cta__content-item elementor-content-item elementor-animated-item--grow\">\n\t\t\t\t\t\tKits de tubos de un solo uso PSK\t\t\t\t\t<\/h2>\n\t\t\t\t\n\t\t\t\t\n\t\t\t\t\t\t\t\t\t<div class=\"elementor-cta__button-wrapper elementor-cta__content-item elementor-content-item elementor-animated-item--grow\">\n\t\t\t\t\t<span class=\"elementor-cta__button elementor-button elementor-size-\">\n\t\t\t\t\t\tDescubrir m\u00e1s\t\t\t\t\t<\/span>\n\t\t\t\t\t<\/div>\n\t\t\t\t\t\t\t<\/div>\n\t\t\t\t\t\t<\/a>\n\t\t\t\t\t\t<\/div>\n\t\t\t\t<\/div>\n\t\t\t\t\t<\/div>\n\t\t<\/div>\n\t\t\t\t<div class=\"elementor-column elementor-col-50 elementor-top-column elementor-element elementor-element-14e3cad2\" data-id=\"14e3cad2\" data-element_type=\"column\" data-e-type=\"column\">\n\t\t\t<div class=\"elementor-widget-wrap elementor-element-populated\">\n\t\t\t\t\t\t<div class=\"elementor-element elementor-element-35cd0095 elementor-cta--skin-cover elementor-animated-content elementor-bg-transform elementor-bg-transform-zoom-in elementor-widget elementor-widget-call-to-action\" data-id=\"35cd0095\" data-element_type=\"widget\" data-e-type=\"widget\" data-widget_type=\"call-to-action.default\">\n\t\t\t\t<div class=\"elementor-widget-container\">\n\t\t\t\t\t\t\t<a class=\"elementor-cta\" href=\"http:\/\/sarahk31.sg-host.com\/product-bag-monitoring-module-stb\/\">\n\t\t\t\t\t<div class=\"elementor-cta__bg-wrapper\">\n\t\t\t\t<div class=\"elementor-cta__bg elementor-bg\" style=\"background-image: url(https:\/\/www.colanar.com\/wp-content\/uploads\/2020\/07\/STB_teaser.jpg);\" role=\"img\" aria-label=\"STB_teaser\"><\/div>\n\t\t\t\t<div class=\"elementor-cta__bg-overlay\"><\/div>\n\t\t\t<\/div>\n\t\t\t\t\t\t\t<div class=\"elementor-cta__content\">\n\t\t\t\t\n\t\t\t\t\t\t\t\t\t<h2 class=\"elementor-cta__title elementor-cta__content-item elementor-content-item elementor-animated-item--grow\">\n\t\t\t\t\t\tM\u00f3dulo de monitoreo de bolsas de producto STB\t\t\t\t\t<\/h2>\n\t\t\t\t\n\t\t\t\t\n\t\t\t\t\t\t\t\t\t<div class=\"elementor-cta__button-wrapper elementor-cta__content-item elementor-content-item elementor-animated-item--grow\">\n\t\t\t\t\t<span class=\"elementor-cta__button elementor-button elementor-size-\">\n\t\t\t\t\t\tDescubrir m\u00e1s\t\t\t\t\t<\/span>\n\t\t\t\t\t<\/div>\n\t\t\t\t\t\t\t<\/div>\n\t\t\t\t\t\t<\/a>\n\t\t\t\t\t\t<\/div>\n\t\t\t\t<\/div>\n\t\t\t\t\t<\/div>\n\t\t<\/div>\n\t\t\t\t\t<\/div>\n\t\t<\/section>\n\t\t\t\t<section class=\"elementor-section elementor-top-section elementor-element elementor-element-153d1b22 elementor-section-boxed elementor-section-height-default elementor-section-height-default\" data-id=\"153d1b22\" data-element_type=\"section\" data-e-type=\"section\">\n\t\t\t\t\t\t<div class=\"elementor-container elementor-column-gap-default\">\n\t\t\t\t\t<div class=\"elementor-column elementor-col-100 elementor-top-column elementor-element elementor-element-f15131a\" data-id=\"f15131a\" data-element_type=\"column\" data-e-type=\"column\">\n\t\t\t<div class=\"elementor-widget-wrap elementor-element-populated\">\n\t\t\t\t\t\t<div class=\"elementor-element elementor-element-161e0539 elementor-widget elementor-widget-text-editor\" data-id=\"161e0539\" data-element_type=\"widget\" data-e-type=\"widget\" data-widget_type=\"text-editor.default\">\n\t\t\t\t<div class=\"elementor-widget-container\">\n\t\t\t\t\t\t\t\t\t<p>Con el equipo de procesamiento de un solo uso en aumento, los kits preesterilizados como COLANARs PSK ofrecen a los clientes la flexibilidad de llenado que necesitan. Para un control perfecto y resultados \u00f3ptimos, los kits de tubos de un solo uso PSK se pueden combinar con un m\u00f3dulo de monitoreo de bolsas de producto tipo STB.<\/p>\n\t\t\t\t\t\t\t\t<\/div>\n\t\t\t\t<\/div>\n\t\t\t\t\t<\/div>\n\t\t<\/div>\n\t\t\t\t\t<\/div>\n\t\t<\/section>\n\t\t\t\t<\/div>\n\t\t","protected":false},"excerpt":{"rendered":"<p>Kits de un solo uso Kits de tubos de un solo uso PSK Descubrir m\u00e1s M\u00f3dulo de monitoreo de bolsas de producto STB Descubrir m\u00e1s Kits de tubos de un solo uso PSK Descubrir m\u00e1s M\u00f3dulo de monitoreo de bolsas de producto STB Descubrir m\u00e1s Con el equipo de procesamiento de un solo uso en [&hellip;]<\/p>\n","protected":false},"author":1,"featured_media":0,"parent":3115,"menu_order":0,"comment_status":"closed","ping_status":"closed","template":"","meta":{"footnotes":""},"class_list":["post-3209","page","type-page","status-publish","hentry","entry"],"yoast_head":"<!-- This site is optimized with the Yoast SEO plugin v27.4 - https:\/\/yoast.com\/product\/yoast-seo-wordpress\/ -->\n<title>Kits de un solo uso - Colanar<\/title>\n<meta name=\"description\" content=\"Los kits de tubos preesterilizados se pueden combinar con un m\u00f3dulo de monitoreo de bolsas de productos para ofrecer a los clientes la m\u00e1xima flexibilidad de llenado.\" \/>\n<meta name=\"robots\" content=\"index, follow, max-snippet:-1, max-image-preview:large, max-video-preview:-1\" \/>\n<link rel=\"canonical\" href=\"https:\/\/www.colanar.com\/es\/productos\/kits-de-un-solo-uso\/\" \/>\n<meta property=\"og:locale\" content=\"es_ES\" \/>\n<meta property=\"og:type\" content=\"article\" \/>\n<meta property=\"og:title\" content=\"Kits de un solo uso - Colanar\" \/>\n<meta property=\"og:description\" content=\"Los kits de tubos preesterilizados se pueden combinar con un m\u00f3dulo de monitoreo de bolsas de productos para ofrecer a los clientes la m\u00e1xima flexibilidad de llenado.\" \/>\n<meta property=\"og:url\" content=\"https:\/\/www.colanar.com\/es\/productos\/kits-de-un-solo-uso\/\" \/>\n<meta property=\"og:site_name\" content=\"Colanar\" \/>\n<meta property=\"article:modified_time\" content=\"2022-11-09T19:56:22+00:00\" \/>\n<meta name=\"twitter:card\" content=\"summary_large_image\" \/>\n<meta name=\"twitter:label1\" content=\"Tiempo de lectura\" \/>\n\t<meta name=\"twitter:data1\" content=\"1 minuto\" \/>\n<script type=\"application\/ld+json\" class=\"yoast-schema-graph\">{\"@context\":\"https:\\\/\\\/schema.org\",\"@graph\":[{\"@type\":\"WebPage\",\"@id\":\"https:\\\/\\\/www.colanar.com\\\/es\\\/productos\\\/kits-de-un-solo-uso\\\/\",\"url\":\"https:\\\/\\\/www.colanar.com\\\/es\\\/productos\\\/kits-de-un-solo-uso\\\/\",\"name\":\"Kits de un solo uso - Colanar\",\"isPartOf\":{\"@id\":\"https:\\\/\\\/www.colanar.com\\\/es\\\/de\\\/#website\"},\"datePublished\":\"2020-07-22T00:27:28+00:00\",\"dateModified\":\"2022-11-09T19:56:22+00:00\",\"description\":\"Los kits de tubos preesterilizados se pueden combinar con un m\u00f3dulo de monitoreo de bolsas de productos para ofrecer a los clientes la m\u00e1xima flexibilidad de llenado.\",\"breadcrumb\":{\"@id\":\"https:\\\/\\\/www.colanar.com\\\/es\\\/productos\\\/kits-de-un-solo-uso\\\/#breadcrumb\"},\"inLanguage\":\"es\",\"potentialAction\":[{\"@type\":\"ReadAction\",\"target\":[\"https:\\\/\\\/www.colanar.com\\\/es\\\/productos\\\/kits-de-un-solo-uso\\\/\"]}]},{\"@type\":\"BreadcrumbList\",\"@id\":\"https:\\\/\\\/www.colanar.com\\\/es\\\/productos\\\/kits-de-un-solo-uso\\\/#breadcrumb\",\"itemListElement\":[{\"@type\":\"ListItem\",\"position\":1,\"name\":\"Home\",\"item\":\"https:\\\/\\\/www.colanar.com\\\/es\\\/\"},{\"@type\":\"ListItem\",\"position\":2,\"name\":\"Productos\",\"item\":\"https:\\\/\\\/www.colanar.com\\\/es\\\/productos\\\/\"},{\"@type\":\"ListItem\",\"position\":3,\"name\":\"Kits de un solo uso\"}]},{\"@type\":\"WebSite\",\"@id\":\"https:\\\/\\\/www.colanar.com\\\/es\\\/de\\\/#website\",\"url\":\"https:\\\/\\\/www.colanar.com\\\/es\\\/de\\\/\",\"name\":\"Colanar\",\"description\":\"Innovative Solutions. Quality Products.\",\"publisher\":{\"@id\":\"https:\\\/\\\/www.colanar.com\\\/es\\\/de\\\/#organization\"},\"potentialAction\":[{\"@type\":\"SearchAction\",\"target\":{\"@type\":\"EntryPoint\",\"urlTemplate\":\"https:\\\/\\\/www.colanar.com\\\/es\\\/de\\\/?s={search_term_string}\"},\"query-input\":{\"@type\":\"PropertyValueSpecification\",\"valueRequired\":true,\"valueName\":\"search_term_string\"}}],\"inLanguage\":\"es\"},{\"@type\":\"Organization\",\"@id\":\"https:\\\/\\\/www.colanar.com\\\/es\\\/de\\\/#organization\",\"name\":\"Colanar\",\"url\":\"https:\\\/\\\/www.colanar.com\\\/es\\\/de\\\/\",\"logo\":{\"@type\":\"ImageObject\",\"inLanguage\":\"es\",\"@id\":\"https:\\\/\\\/www.colanar.com\\\/es\\\/de\\\/#\\\/schema\\\/logo\\\/image\\\/\",\"url\":\"https:\\\/\\\/www.colanar.com\\\/wp-content\\\/uploads\\\/2020\\\/07\\\/colanar_logo1.png\",\"contentUrl\":\"https:\\\/\\\/www.colanar.com\\\/wp-content\\\/uploads\\\/2020\\\/07\\\/colanar_logo1.png\",\"width\":246,\"height\":85,\"caption\":\"Colanar\"},\"image\":{\"@id\":\"https:\\\/\\\/www.colanar.com\\\/es\\\/de\\\/#\\\/schema\\\/logo\\\/image\\\/\"}}]}<\/script>\n<!-- \/ Yoast SEO plugin. -->","yoast_head_json":{"title":"Kits de un solo uso - Colanar","description":"Los kits de tubos preesterilizados se pueden combinar con un m\u00f3dulo de monitoreo de bolsas de productos para ofrecer a los clientes la m\u00e1xima flexibilidad de llenado.","robots":{"index":"index","follow":"follow","max-snippet":"max-snippet:-1","max-image-preview":"max-image-preview:large","max-video-preview":"max-video-preview:-1"},"canonical":"https:\/\/www.colanar.com\/es\/productos\/kits-de-un-solo-uso\/","og_locale":"es_ES","og_type":"article","og_title":"Kits de un solo uso - Colanar","og_description":"Los kits de tubos preesterilizados se pueden combinar con un m\u00f3dulo de monitoreo de bolsas de productos para ofrecer a los clientes la m\u00e1xima flexibilidad de llenado.","og_url":"https:\/\/www.colanar.com\/es\/productos\/kits-de-un-solo-uso\/","og_site_name":"Colanar","article_modified_time":"2022-11-09T19:56:22+00:00","twitter_card":"summary_large_image","twitter_misc":{"Tiempo de lectura":"1 minuto"},"schema":{"@context":"https:\/\/schema.org","@graph":[{"@type":"WebPage","@id":"https:\/\/www.colanar.com\/es\/productos\/kits-de-un-solo-uso\/","url":"https:\/\/www.colanar.com\/es\/productos\/kits-de-un-solo-uso\/","name":"Kits de un solo uso - Colanar","isPartOf":{"@id":"https:\/\/www.colanar.com\/es\/de\/#website"},"datePublished":"2020-07-22T00:27:28+00:00","dateModified":"2022-11-09T19:56:22+00:00","description":"Los kits de tubos preesterilizados se pueden combinar con un m\u00f3dulo de monitoreo de bolsas de productos para ofrecer a los clientes la m\u00e1xima flexibilidad de llenado.","breadcrumb":{"@id":"https:\/\/www.colanar.com\/es\/productos\/kits-de-un-solo-uso\/#breadcrumb"},"inLanguage":"es","potentialAction":[{"@type":"ReadAction","target":["https:\/\/www.colanar.com\/es\/productos\/kits-de-un-solo-uso\/"]}]},{"@type":"BreadcrumbList","@id":"https:\/\/www.colanar.com\/es\/productos\/kits-de-un-solo-uso\/#breadcrumb","itemListElement":[{"@type":"ListItem","position":1,"name":"Home","item":"https:\/\/www.colanar.com\/es\/"},{"@type":"ListItem","position":2,"name":"Productos","item":"https:\/\/www.colanar.com\/es\/productos\/"},{"@type":"ListItem","position":3,"name":"Kits de un solo uso"}]},{"@type":"WebSite","@id":"https:\/\/www.colanar.com\/es\/de\/#website","url":"https:\/\/www.colanar.com\/es\/de\/","name":"Colanar","description":"Innovative Solutions. Quality Products.","publisher":{"@id":"https:\/\/www.colanar.com\/es\/de\/#organization"},"potentialAction":[{"@type":"SearchAction","target":{"@type":"EntryPoint","urlTemplate":"https:\/\/www.colanar.com\/es\/de\/?s={search_term_string}"},"query-input":{"@type":"PropertyValueSpecification","valueRequired":true,"valueName":"search_term_string"}}],"inLanguage":"es"},{"@type":"Organization","@id":"https:\/\/www.colanar.com\/es\/de\/#organization","name":"Colanar","url":"https:\/\/www.colanar.com\/es\/de\/","logo":{"@type":"ImageObject","inLanguage":"es","@id":"https:\/\/www.colanar.com\/es\/de\/#\/schema\/logo\/image\/","url":"https:\/\/www.colanar.com\/wp-content\/uploads\/2020\/07\/colanar_logo1.png","contentUrl":"https:\/\/www.colanar.com\/wp-content\/uploads\/2020\/07\/colanar_logo1.png","width":246,"height":85,"caption":"Colanar"},"image":{"@id":"https:\/\/www.colanar.com\/es\/de\/#\/schema\/logo\/image\/"}}]}},"_links":{"self":[{"href":"https:\/\/www.colanar.com\/es\/wp-json\/wp\/v2\/pages\/3209","targetHints":{"allow":["GET"]}}],"collection":[{"href":"https:\/\/www.colanar.com\/es\/wp-json\/wp\/v2\/pages"}],"about":[{"href":"https:\/\/www.colanar.com\/es\/wp-json\/wp\/v2\/types\/page"}],"author":[{"embeddable":true,"href":"https:\/\/www.colanar.com\/es\/wp-json\/wp\/v2\/users\/1"}],"replies":[{"embeddable":true,"href":"https:\/\/www.colanar.com\/es\/wp-json\/wp\/v2\/comments?post=3209"}],"version-history":[{"count":0,"href":"https:\/\/www.colanar.com\/es\/wp-json\/wp\/v2\/pages\/3209\/revisions"}],"up":[{"embeddable":true,"href":"https:\/\/www.colanar.com\/es\/wp-json\/wp\/v2\/pages\/3115"}],"wp:attachment":[{"href":"https:\/\/www.colanar.com\/es\/wp-json\/wp\/v2\/media?parent=3209"}],"curies":[{"name":"wp","href":"https:\/\/api.w.org\/{rel}","templated":true}]}}