{"id":3217,"date":"2020-07-22T00:55:44","date_gmt":"2020-07-22T00:55:44","guid":{"rendered":"https:\/\/bashirhasan.com\/testing\/servicios\/"},"modified":"2025-08-04T18:07:16","modified_gmt":"2025-08-04T18:07:16","slug":"servicios","status":"publish","type":"page","link":"https:\/\/www.colanar.com\/es\/servicios\/","title":{"rendered":"Servicios"},"content":{"rendered":"\t\t<div data-elementor-type=\"wp-page\" data-elementor-id=\"3217\" class=\"elementor elementor-3217 elementor-2175\" data-elementor-post-type=\"page\">\n\t\t\t\t\t\t<section class=\"elementor-section elementor-top-section elementor-element elementor-element-3c4f9f72 elementor-section-stretched elementor-section-boxed elementor-section-height-default elementor-section-height-default\" data-id=\"3c4f9f72\" data-element_type=\"section\" data-e-type=\"section\" data-settings=\"{&quot;stretch_section&quot;:&quot;section-stretched&quot;,&quot;background_background&quot;:&quot;gradient&quot;}\">\n\t\t\t\t\t\t\t<div class=\"elementor-background-overlay\"><\/div>\n\t\t\t\t\t\t\t<div class=\"elementor-container elementor-column-gap-default\">\n\t\t\t\t\t<div class=\"elementor-column elementor-col-100 elementor-top-column elementor-element elementor-element-364808ac\" data-id=\"364808ac\" data-element_type=\"column\" data-e-type=\"column\">\n\t\t\t<div class=\"elementor-widget-wrap elementor-element-populated\">\n\t\t\t\t\t\t<div class=\"elementor-element elementor-element-379d9611 elementor-widget elementor-widget-heading\" data-id=\"379d9611\" data-element_type=\"widget\" data-e-type=\"widget\" data-widget_type=\"heading.default\">\n\t\t\t\t<div class=\"elementor-widget-container\">\n\t\t\t\t\t<h2 class=\"elementor-heading-title elementor-size-default\">Servicios<\/h2>\t\t\t\t<\/div>\n\t\t\t\t<\/div>\n\t\t\t\t\t<\/div>\n\t\t<\/div>\n\t\t\t\t\t<\/div>\n\t\t<\/section>\n\t\t\t\t<section class=\"elementor-section elementor-top-section elementor-element elementor-element-7a0dd291 elementor-section-content-middle elementor-section-boxed elementor-section-height-default elementor-section-height-default\" data-id=\"7a0dd291\" data-element_type=\"section\" data-e-type=\"section\">\n\t\t\t\t\t\t<div class=\"elementor-container elementor-column-gap-no\">\n\t\t\t\t\t<div class=\"elementor-column elementor-col-100 elementor-top-column elementor-element elementor-element-adff665\" data-id=\"adff665\" data-element_type=\"column\" data-e-type=\"column\">\n\t\t\t<div class=\"elementor-widget-wrap elementor-element-populated\">\n\t\t\t\t\t\t<section class=\"elementor-section elementor-inner-section elementor-element elementor-element-d961dfb elementor-section-content-middle elementor-section-boxed elementor-section-height-default elementor-section-height-default\" data-id=\"d961dfb\" data-element_type=\"section\" data-e-type=\"section\">\n\t\t\t\t\t\t<div class=\"elementor-container elementor-column-gap-no\">\n\t\t\t\t\t<div class=\"elementor-column elementor-col-33 elementor-inner-column elementor-element elementor-element-3ca6a63f elementor-invisible\" data-id=\"3ca6a63f\" data-element_type=\"column\" data-e-type=\"column\" data-settings=\"{&quot;background_background&quot;:&quot;classic&quot;,&quot;animation&quot;:&quot;fadeInLeft&quot;}\">\n\t\t\t<div class=\"elementor-widget-wrap elementor-element-populated\">\n\t\t\t\t\t\t<div class=\"elementor-element elementor-element-3f3cdf04 elementor-widget elementor-widget-image\" data-id=\"3f3cdf04\" data-element_type=\"widget\" data-e-type=\"widget\" data-widget_type=\"image.default\">\n\t\t\t\t<div class=\"elementor-widget-container\">\n\t\t\t\t\t\t\t\t\t\t\t\t\t\t\t<img fetchpriority=\"high\" decoding=\"async\" width=\"1024\" height=\"610\" src=\"https:\/\/www.colanar.com\/wp-content\/uploads\/2020\/10\/FSO-2254-Copy-1024x610.jpg\" class=\"elementor-animation-shrink attachment-large size-large wp-image-2945\" alt=\"\" srcset=\"https:\/\/www.colanar.com\/wp-content\/uploads\/2020\/10\/FSO-2254-Copy-1024x610.jpg 1024w, https:\/\/www.colanar.com\/wp-content\/uploads\/2020\/10\/FSO-2254-Copy-300x179.jpg 300w, https:\/\/www.colanar.com\/wp-content\/uploads\/2020\/10\/FSO-2254-Copy-768x457.jpg 768w, https:\/\/www.colanar.com\/wp-content\/uploads\/2020\/10\/FSO-2254-Copy.jpg 1377w\" sizes=\"(max-width: 1024px) 100vw, 1024px\" \/>\t\t\t\t\t\t\t\t\t\t\t\t\t\t\t<\/div>\n\t\t\t\t<\/div>\n\t\t\t\t\t<\/div>\n\t\t<\/div>\n\t\t\t\t<div class=\"elementor-column elementor-col-33 elementor-inner-column elementor-element elementor-element-f60a52d\" data-id=\"f60a52d\" data-element_type=\"column\" data-e-type=\"column\" data-settings=\"{&quot;background_background&quot;:&quot;classic&quot;}\">\n\t\t\t<div class=\"elementor-widget-wrap elementor-element-populated\">\n\t\t\t\t\t\t<div class=\"elementor-element elementor-element-6d09b137 elementor-widget elementor-widget-heading\" data-id=\"6d09b137\" data-element_type=\"widget\" data-e-type=\"widget\" data-widget_type=\"heading.default\">\n\t\t\t\t<div class=\"elementor-widget-container\">\n\t\t\t\t\t<h2 class=\"elementor-heading-title elementor-size-default\">Planes de mantenimiento<\/h2>\t\t\t\t<\/div>\n\t\t\t\t<\/div>\n\t\t\t\t<div class=\"elementor-element elementor-element-616d3db9 elementor-widget elementor-widget-text-editor\" data-id=\"616d3db9\" data-element_type=\"widget\" data-e-type=\"widget\" data-widget_type=\"text-editor.default\">\n\t\t\t\t<div class=\"elementor-widget-container\">\n\t\t\t\t\t\t\t\t\t<p>Planes personalizados para adaptarse a las necesidades y horarios de mantenimiento de nuestros clientes. Los esfuerzos de mantenimiento est\u00e1n respaldados por nuestros t\u00e9cnicos experimentados y bien capacitados.<\/p>\n\t\t\t\t\t\t\t\t<\/div>\n\t\t\t\t<\/div>\n\t\t\t\t\t<\/div>\n\t\t<\/div>\n\t\t\t\t<div class=\"elementor-column elementor-col-33 elementor-inner-column elementor-element elementor-element-1068ed5d elementor-hidden-tablet elementor-hidden-phone elementor-invisible\" data-id=\"1068ed5d\" data-element_type=\"column\" data-e-type=\"column\" data-settings=\"{&quot;animation&quot;:&quot;fadeInRight&quot;}\">\n\t\t\t<div class=\"elementor-widget-wrap elementor-element-populated\">\n\t\t\t\t\t\t<div class=\"elementor-element elementor-element-285f6fc3 elementor-widget elementor-widget-image\" data-id=\"285f6fc3\" data-element_type=\"widget\" data-e-type=\"widget\" data-widget_type=\"image.default\">\n\t\t\t\t<div class=\"elementor-widget-container\">\n\t\t\t\t\t\t\t\t\t\t\t\t\t\t\t<img decoding=\"async\" width=\"698\" height=\"652\" src=\"https:\/\/www.colanar.com\/wp-content\/uploads\/2020\/10\/CMC-1013-1.png\" class=\"elementor-animation-shrink attachment-large size-large wp-image-2912\" alt=\"\" srcset=\"https:\/\/www.colanar.com\/wp-content\/uploads\/2020\/10\/CMC-1013-1.png 698w, https:\/\/www.colanar.com\/wp-content\/uploads\/2020\/10\/CMC-1013-1-300x280.png 300w\" sizes=\"(max-width: 698px) 100vw, 698px\" \/>\t\t\t\t\t\t\t\t\t\t\t\t\t\t\t<\/div>\n\t\t\t\t<\/div>\n\t\t\t\t\t<\/div>\n\t\t<\/div>\n\t\t\t\t\t<\/div>\n\t\t<\/section>\n\t\t\t\t<section class=\"elementor-section elementor-inner-section elementor-element elementor-element-5af937ff elementor-section-content-middle elementor-reverse-mobile elementor-section-boxed elementor-section-height-default elementor-section-height-default\" data-id=\"5af937ff\" data-element_type=\"section\" data-e-type=\"section\">\n\t\t\t\t\t\t<div class=\"elementor-container elementor-column-gap-no\">\n\t\t\t\t\t<div class=\"elementor-column elementor-col-33 elementor-inner-column elementor-element elementor-element-249faa9f\" data-id=\"249faa9f\" data-element_type=\"column\" data-e-type=\"column\">\n\t\t\t<div class=\"elementor-widget-wrap elementor-element-populated\">\n\t\t\t\t\t\t<div class=\"elementor-element elementor-element-45de8fc9 elementor-widget elementor-widget-heading\" data-id=\"45de8fc9\" data-element_type=\"widget\" data-e-type=\"widget\" data-widget_type=\"heading.default\">\n\t\t\t\t<div class=\"elementor-widget-container\">\n\t\t\t\t\t<h2 class=\"elementor-heading-title elementor-size-default\">Integraciones y reequipamiento<\/h2>\t\t\t\t<\/div>\n\t\t\t\t<\/div>\n\t\t\t\t<div class=\"elementor-element elementor-element-4cc41331 elementor-widget elementor-widget-text-editor\" data-id=\"4cc41331\" data-element_type=\"widget\" data-e-type=\"widget\" data-widget_type=\"text-editor.default\">\n\t\t\t\t<div class=\"elementor-widget-container\">\n\t\t\t\t\t\t\t\t\t<p>COLANAR ofrece servicios de integraci\u00f3n y modernizaci\u00f3n, lo que permite a los clientes utilizar la tecnolog\u00eda de llenado y cierre COLANAR en sus equipos existentes.<\/p>\n\t\t\t\t\t\t\t\t<\/div>\n\t\t\t\t<\/div>\n\t\t\t\t\t<\/div>\n\t\t<\/div>\n\t\t\t\t<div class=\"elementor-column elementor-col-33 elementor-inner-column elementor-element elementor-element-0483b2d elementor-invisible\" data-id=\"0483b2d\" data-element_type=\"column\" data-e-type=\"column\" data-settings=\"{&quot;background_background&quot;:&quot;classic&quot;,&quot;animation&quot;:&quot;fadeInUp&quot;}\">\n\t\t\t<div class=\"elementor-widget-wrap elementor-element-populated\">\n\t\t\t\t\t\t<div class=\"elementor-element elementor-element-be1df97 elementor-widget elementor-widget-image\" data-id=\"be1df97\" data-element_type=\"widget\" data-e-type=\"widget\" data-widget_type=\"image.default\">\n\t\t\t\t<div class=\"elementor-widget-container\">\n\t\t\t\t\t\t\t\t\t\t\t\t\t\t\t<img decoding=\"async\" width=\"800\" height=\"600\" src=\"https:\/\/www.colanar.com\/wp-content\/uploads\/2020\/07\/Service2-1.jpg\" class=\"elementor-animation-shrink attachment-large size-large wp-image-3012\" alt=\"\" srcset=\"https:\/\/www.colanar.com\/wp-content\/uploads\/2020\/07\/Service2-1.jpg 800w, https:\/\/www.colanar.com\/wp-content\/uploads\/2020\/07\/Service2-1-300x225.jpg 300w, https:\/\/www.colanar.com\/wp-content\/uploads\/2020\/07\/Service2-1-768x576.jpg 768w\" sizes=\"(max-width: 800px) 100vw, 800px\" \/>\t\t\t\t\t\t\t\t\t\t\t\t\t\t\t<\/div>\n\t\t\t\t<\/div>\n\t\t\t\t\t<\/div>\n\t\t<\/div>\n\t\t\t\t<div class=\"elementor-column elementor-col-33 elementor-inner-column elementor-element elementor-element-4b624923 elementor-hidden-tablet elementor-hidden-phone\" data-id=\"4b624923\" data-element_type=\"column\" data-e-type=\"column\">\n\t\t\t<div class=\"elementor-widget-wrap elementor-element-populated\">\n\t\t\t\t\t\t<div class=\"elementor-element elementor-element-2c5880e9 elementor-widget elementor-widget-heading\" data-id=\"2c5880e9\" data-element_type=\"widget\" data-e-type=\"widget\" data-widget_type=\"heading.default\">\n\t\t\t\t<div class=\"elementor-widget-container\">\n\t\t\t\t\t<h2 class=\"elementor-heading-title elementor-size-default\">Documentaci\u00f3n de IQ\/OQ &amp; Apoyo<\/h2>\t\t\t\t<\/div>\n\t\t\t\t<\/div>\n\t\t\t\t<div class=\"elementor-element elementor-element-21c49b5d elementor-widget elementor-widget-text-editor\" data-id=\"21c49b5d\" data-element_type=\"widget\" data-e-type=\"widget\" data-widget_type=\"text-editor.default\">\n\t\t\t\t<div class=\"elementor-widget-container\">\n\t\t\t\t\t\t\t\t\t<p>Para clientes que buscan validar su equipo COLANAR. Los clientes pueden elegir entre una variedad de diferentes paquetes de soporte de validaci\u00f3n.<\/p>\n\t\t\t\t\t\t\t\t<\/div>\n\t\t\t\t<\/div>\n\t\t\t\t\t<\/div>\n\t\t<\/div>\n\t\t\t\t\t<\/div>\n\t\t<\/section>\n\t\t\t\t\t<\/div>\n\t\t<\/div>\n\t\t\t\t\t<\/div>\n\t\t<\/section>\n\t\t\t\t<section class=\"elementor-section elementor-top-section elementor-element elementor-element-88e62fb elementor-hidden-desktop elementor-section-boxed elementor-section-height-default elementor-section-height-default\" data-id=\"88e62fb\" data-element_type=\"section\" data-e-type=\"section\">\n\t\t\t\t\t\t<div class=\"elementor-container elementor-column-gap-default\">\n\t\t\t\t\t<div class=\"elementor-column elementor-col-50 elementor-top-column elementor-element elementor-element-09c7bec elementor-hidden-desktop elementor-invisible\" data-id=\"09c7bec\" data-element_type=\"column\" data-e-type=\"column\" data-settings=\"{&quot;animation&quot;:&quot;fadeInRight&quot;}\">\n\t\t\t<div class=\"elementor-widget-wrap elementor-element-populated\">\n\t\t\t\t\t\t<div class=\"elementor-element elementor-element-c805377 elementor-widget elementor-widget-image\" data-id=\"c805377\" data-element_type=\"widget\" data-e-type=\"widget\" data-widget_type=\"image.default\">\n\t\t\t\t<div class=\"elementor-widget-container\">\n\t\t\t\t\t\t\t\t\t\t\t\t\t\t\t<img decoding=\"async\" width=\"698\" height=\"652\" src=\"https:\/\/www.colanar.com\/wp-content\/uploads\/2020\/10\/CMC-1013-1.png\" class=\"elementor-animation-shrink attachment-large size-large wp-image-2912\" alt=\"\" srcset=\"https:\/\/www.colanar.com\/wp-content\/uploads\/2020\/10\/CMC-1013-1.png 698w, https:\/\/www.colanar.com\/wp-content\/uploads\/2020\/10\/CMC-1013-1-300x280.png 300w\" sizes=\"(max-width: 698px) 100vw, 698px\" \/>\t\t\t\t\t\t\t\t\t\t\t\t\t\t\t<\/div>\n\t\t\t\t<\/div>\n\t\t\t\t\t<\/div>\n\t\t<\/div>\n\t\t\t\t<div class=\"elementor-column elementor-col-50 elementor-top-column elementor-element elementor-element-74c09f1 elementor-hidden-desktop\" data-id=\"74c09f1\" data-element_type=\"column\" data-e-type=\"column\">\n\t\t\t<div class=\"elementor-widget-wrap elementor-element-populated\">\n\t\t\t\t\t\t<div class=\"elementor-element elementor-element-4f81211 elementor-widget elementor-widget-heading\" data-id=\"4f81211\" data-element_type=\"widget\" data-e-type=\"widget\" data-widget_type=\"heading.default\">\n\t\t\t\t<div class=\"elementor-widget-container\">\n\t\t\t\t\t<h2 class=\"elementor-heading-title elementor-size-default\">Documentaci\u00f3n de IQ\/OQ &amp; Apoyo<\/h2>\t\t\t\t<\/div>\n\t\t\t\t<\/div>\n\t\t\t\t<div class=\"elementor-element elementor-element-562ed2d elementor-widget elementor-widget-text-editor\" data-id=\"562ed2d\" data-element_type=\"widget\" data-e-type=\"widget\" data-widget_type=\"text-editor.default\">\n\t\t\t\t<div class=\"elementor-widget-container\">\n\t\t\t\t\t\t\t\t\t<p>Para clientes que buscan validar su equipo COLANAR. Los clientes pueden elegir entre una variedad de diferentes paquetes de soporte de validaci\u00f3n.<\/p>\n\t\t\t\t\t\t\t\t<\/div>\n\t\t\t\t<\/div>\n\t\t\t\t\t<\/div>\n\t\t<\/div>\n\t\t\t\t\t<\/div>\n\t\t<\/section>\n\t\t\t\t<\/div>\n\t\t","protected":false},"excerpt":{"rendered":"<p>Servicios Planes de mantenimiento Planes personalizados para adaptarse a las necesidades y horarios de mantenimiento de nuestros clientes. Los esfuerzos de mantenimiento est\u00e1n respaldados por nuestros t\u00e9cnicos experimentados y bien capacitados. Integraciones y reequipamiento COLANAR ofrece servicios de integraci\u00f3n y modernizaci\u00f3n, lo que permite a los clientes utilizar la tecnolog\u00eda de llenado y cierre COLANAR [&hellip;]<\/p>\n","protected":false},"author":1,"featured_media":0,"parent":0,"menu_order":0,"comment_status":"closed","ping_status":"closed","template":"","meta":{"footnotes":""},"class_list":["post-3217","page","type-page","status-publish","hentry","entry"],"yoast_head":"<!-- This site is optimized with the Yoast SEO plugin v27.4 - https:\/\/yoast.com\/product\/yoast-seo-wordpress\/ -->\n<title>Servicios - Colanar<\/title>\n<meta name=\"description\" content=\"Explore los servicios de ciclo de vida de COLANAR, desde la instalaci\u00f3n y la validaci\u00f3n hasta la capacitaci\u00f3n y el soporte.\" \/>\n<meta name=\"robots\" content=\"index, follow, max-snippet:-1, max-image-preview:large, max-video-preview:-1\" \/>\n<link rel=\"canonical\" href=\"https:\/\/www.colanar.com\/es\/servicios\/\" \/>\n<meta property=\"og:locale\" content=\"es_ES\" \/>\n<meta property=\"og:type\" content=\"article\" \/>\n<meta property=\"og:title\" content=\"Servicios - Colanar\" \/>\n<meta property=\"og:description\" content=\"Explore los servicios de ciclo de vida de COLANAR, desde la instalaci\u00f3n y la validaci\u00f3n hasta la capacitaci\u00f3n y el soporte.\" \/>\n<meta property=\"og:url\" content=\"https:\/\/www.colanar.com\/es\/servicios\/\" \/>\n<meta property=\"og:site_name\" content=\"Colanar\" \/>\n<meta property=\"article:modified_time\" content=\"2025-08-04T18:07:16+00:00\" \/>\n<meta property=\"og:image\" content=\"https:\/\/www.colanar.com\/wp-content\/uploads\/2020\/10\/FSO-2254-Copy-1024x610.jpg\" \/>\n<meta name=\"twitter:card\" content=\"summary_large_image\" \/>\n<meta name=\"twitter:label1\" content=\"Tiempo de lectura\" \/>\n\t<meta name=\"twitter:data1\" content=\"2 minutos\" \/>\n<script type=\"application\/ld+json\" class=\"yoast-schema-graph\">{\"@context\":\"https:\\\/\\\/schema.org\",\"@graph\":[{\"@type\":\"WebPage\",\"@id\":\"https:\\\/\\\/www.colanar.com\\\/es\\\/servicios\\\/\",\"url\":\"https:\\\/\\\/www.colanar.com\\\/es\\\/servicios\\\/\",\"name\":\"Servicios - Colanar\",\"isPartOf\":{\"@id\":\"https:\\\/\\\/www.colanar.com\\\/es\\\/de\\\/#website\"},\"primaryImageOfPage\":{\"@id\":\"https:\\\/\\\/www.colanar.com\\\/es\\\/servicios\\\/#primaryimage\"},\"image\":{\"@id\":\"https:\\\/\\\/www.colanar.com\\\/es\\\/servicios\\\/#primaryimage\"},\"thumbnailUrl\":\"https:\\\/\\\/www.colanar.com\\\/wp-content\\\/uploads\\\/2020\\\/10\\\/FSO-2254-Copy-1024x610.jpg\",\"datePublished\":\"2020-07-22T00:55:44+00:00\",\"dateModified\":\"2025-08-04T18:07:16+00:00\",\"description\":\"Explore los servicios de ciclo de vida de COLANAR, desde la instalaci\u00f3n y la validaci\u00f3n hasta la capacitaci\u00f3n y el soporte.\",\"breadcrumb\":{\"@id\":\"https:\\\/\\\/www.colanar.com\\\/es\\\/servicios\\\/#breadcrumb\"},\"inLanguage\":\"es\",\"potentialAction\":[{\"@type\":\"ReadAction\",\"target\":[\"https:\\\/\\\/www.colanar.com\\\/es\\\/servicios\\\/\"]}]},{\"@type\":\"ImageObject\",\"inLanguage\":\"es\",\"@id\":\"https:\\\/\\\/www.colanar.com\\\/es\\\/servicios\\\/#primaryimage\",\"url\":\"https:\\\/\\\/www.colanar.com\\\/wp-content\\\/uploads\\\/2020\\\/10\\\/FSO-2254-Copy-1024x610.jpg\",\"contentUrl\":\"https:\\\/\\\/www.colanar.com\\\/wp-content\\\/uploads\\\/2020\\\/10\\\/FSO-2254-Copy-1024x610.jpg\"},{\"@type\":\"BreadcrumbList\",\"@id\":\"https:\\\/\\\/www.colanar.com\\\/es\\\/servicios\\\/#breadcrumb\",\"itemListElement\":[{\"@type\":\"ListItem\",\"position\":1,\"name\":\"Home\",\"item\":\"https:\\\/\\\/www.colanar.com\\\/es\\\/\"},{\"@type\":\"ListItem\",\"position\":2,\"name\":\"Servicios\"}]},{\"@type\":\"WebSite\",\"@id\":\"https:\\\/\\\/www.colanar.com\\\/es\\\/de\\\/#website\",\"url\":\"https:\\\/\\\/www.colanar.com\\\/es\\\/de\\\/\",\"name\":\"Colanar\",\"description\":\"Innovative Solutions. Quality Products.\",\"publisher\":{\"@id\":\"https:\\\/\\\/www.colanar.com\\\/es\\\/de\\\/#organization\"},\"potentialAction\":[{\"@type\":\"SearchAction\",\"target\":{\"@type\":\"EntryPoint\",\"urlTemplate\":\"https:\\\/\\\/www.colanar.com\\\/es\\\/de\\\/?s={search_term_string}\"},\"query-input\":{\"@type\":\"PropertyValueSpecification\",\"valueRequired\":true,\"valueName\":\"search_term_string\"}}],\"inLanguage\":\"es\"},{\"@type\":\"Organization\",\"@id\":\"https:\\\/\\\/www.colanar.com\\\/es\\\/de\\\/#organization\",\"name\":\"Colanar\",\"url\":\"https:\\\/\\\/www.colanar.com\\\/es\\\/de\\\/\",\"logo\":{\"@type\":\"ImageObject\",\"inLanguage\":\"es\",\"@id\":\"https:\\\/\\\/www.colanar.com\\\/es\\\/de\\\/#\\\/schema\\\/logo\\\/image\\\/\",\"url\":\"https:\\\/\\\/www.colanar.com\\\/wp-content\\\/uploads\\\/2020\\\/07\\\/colanar_logo1.png\",\"contentUrl\":\"https:\\\/\\\/www.colanar.com\\\/wp-content\\\/uploads\\\/2020\\\/07\\\/colanar_logo1.png\",\"width\":246,\"height\":85,\"caption\":\"Colanar\"},\"image\":{\"@id\":\"https:\\\/\\\/www.colanar.com\\\/es\\\/de\\\/#\\\/schema\\\/logo\\\/image\\\/\"}}]}<\/script>\n<!-- \/ Yoast SEO plugin. -->","yoast_head_json":{"title":"Servicios - Colanar","description":"Explore los servicios de ciclo de vida de COLANAR, desde la instalaci\u00f3n y la validaci\u00f3n hasta la capacitaci\u00f3n y el soporte.","robots":{"index":"index","follow":"follow","max-snippet":"max-snippet:-1","max-image-preview":"max-image-preview:large","max-video-preview":"max-video-preview:-1"},"canonical":"https:\/\/www.colanar.com\/es\/servicios\/","og_locale":"es_ES","og_type":"article","og_title":"Servicios - Colanar","og_description":"Explore los servicios de ciclo de vida de COLANAR, desde la instalaci\u00f3n y la validaci\u00f3n hasta la capacitaci\u00f3n y el soporte.","og_url":"https:\/\/www.colanar.com\/es\/servicios\/","og_site_name":"Colanar","article_modified_time":"2025-08-04T18:07:16+00:00","og_image":[{"url":"https:\/\/www.colanar.com\/wp-content\/uploads\/2020\/10\/FSO-2254-Copy-1024x610.jpg","type":"","width":"","height":""}],"twitter_card":"summary_large_image","twitter_misc":{"Tiempo de lectura":"2 minutos"},"schema":{"@context":"https:\/\/schema.org","@graph":[{"@type":"WebPage","@id":"https:\/\/www.colanar.com\/es\/servicios\/","url":"https:\/\/www.colanar.com\/es\/servicios\/","name":"Servicios - Colanar","isPartOf":{"@id":"https:\/\/www.colanar.com\/es\/de\/#website"},"primaryImageOfPage":{"@id":"https:\/\/www.colanar.com\/es\/servicios\/#primaryimage"},"image":{"@id":"https:\/\/www.colanar.com\/es\/servicios\/#primaryimage"},"thumbnailUrl":"https:\/\/www.colanar.com\/wp-content\/uploads\/2020\/10\/FSO-2254-Copy-1024x610.jpg","datePublished":"2020-07-22T00:55:44+00:00","dateModified":"2025-08-04T18:07:16+00:00","description":"Explore los servicios de ciclo de vida de COLANAR, desde la instalaci\u00f3n y la validaci\u00f3n hasta la capacitaci\u00f3n y el soporte.","breadcrumb":{"@id":"https:\/\/www.colanar.com\/es\/servicios\/#breadcrumb"},"inLanguage":"es","potentialAction":[{"@type":"ReadAction","target":["https:\/\/www.colanar.com\/es\/servicios\/"]}]},{"@type":"ImageObject","inLanguage":"es","@id":"https:\/\/www.colanar.com\/es\/servicios\/#primaryimage","url":"https:\/\/www.colanar.com\/wp-content\/uploads\/2020\/10\/FSO-2254-Copy-1024x610.jpg","contentUrl":"https:\/\/www.colanar.com\/wp-content\/uploads\/2020\/10\/FSO-2254-Copy-1024x610.jpg"},{"@type":"BreadcrumbList","@id":"https:\/\/www.colanar.com\/es\/servicios\/#breadcrumb","itemListElement":[{"@type":"ListItem","position":1,"name":"Home","item":"https:\/\/www.colanar.com\/es\/"},{"@type":"ListItem","position":2,"name":"Servicios"}]},{"@type":"WebSite","@id":"https:\/\/www.colanar.com\/es\/de\/#website","url":"https:\/\/www.colanar.com\/es\/de\/","name":"Colanar","description":"Innovative Solutions. Quality Products.","publisher":{"@id":"https:\/\/www.colanar.com\/es\/de\/#organization"},"potentialAction":[{"@type":"SearchAction","target":{"@type":"EntryPoint","urlTemplate":"https:\/\/www.colanar.com\/es\/de\/?s={search_term_string}"},"query-input":{"@type":"PropertyValueSpecification","valueRequired":true,"valueName":"search_term_string"}}],"inLanguage":"es"},{"@type":"Organization","@id":"https:\/\/www.colanar.com\/es\/de\/#organization","name":"Colanar","url":"https:\/\/www.colanar.com\/es\/de\/","logo":{"@type":"ImageObject","inLanguage":"es","@id":"https:\/\/www.colanar.com\/es\/de\/#\/schema\/logo\/image\/","url":"https:\/\/www.colanar.com\/wp-content\/uploads\/2020\/07\/colanar_logo1.png","contentUrl":"https:\/\/www.colanar.com\/wp-content\/uploads\/2020\/07\/colanar_logo1.png","width":246,"height":85,"caption":"Colanar"},"image":{"@id":"https:\/\/www.colanar.com\/es\/de\/#\/schema\/logo\/image\/"}}]}},"_links":{"self":[{"href":"https:\/\/www.colanar.com\/es\/wp-json\/wp\/v2\/pages\/3217","targetHints":{"allow":["GET"]}}],"collection":[{"href":"https:\/\/www.colanar.com\/es\/wp-json\/wp\/v2\/pages"}],"about":[{"href":"https:\/\/www.colanar.com\/es\/wp-json\/wp\/v2\/types\/page"}],"author":[{"embeddable":true,"href":"https:\/\/www.colanar.com\/es\/wp-json\/wp\/v2\/users\/1"}],"replies":[{"embeddable":true,"href":"https:\/\/www.colanar.com\/es\/wp-json\/wp\/v2\/comments?post=3217"}],"version-history":[{"count":0,"href":"https:\/\/www.colanar.com\/es\/wp-json\/wp\/v2\/pages\/3217\/revisions"}],"wp:attachment":[{"href":"https:\/\/www.colanar.com\/es\/wp-json\/wp\/v2\/media?parent=3217"}],"curies":[{"name":"wp","href":"https:\/\/api.w.org\/{rel}","templated":true}]}}