{"id":3219,"date":"2020-07-26T20:31:14","date_gmt":"2020-07-26T20:31:14","guid":{"rendered":"https:\/\/bashirhasan.com\/testing\/mapa-del-sitio\/"},"modified":"2025-08-04T17:57:22","modified_gmt":"2025-08-04T17:57:22","slug":"mapa-del-sitio","status":"publish","type":"page","link":"https:\/\/www.colanar.com\/es\/mapa-del-sitio\/","title":{"rendered":"Mapa del sitio"},"content":{"rendered":"\t\t<div data-elementor-type=\"wp-page\" data-elementor-id=\"3219\" class=\"elementor elementor-3219 elementor-2428\" data-elementor-post-type=\"page\">\n\t\t\t\t\t\t<section class=\"elementor-section elementor-top-section elementor-element elementor-element-6a919896 elementor-section-stretched elementor-section-boxed elementor-section-height-default elementor-section-height-default\" data-id=\"6a919896\" data-element_type=\"section\" data-e-type=\"section\" data-settings=\"{&quot;stretch_section&quot;:&quot;section-stretched&quot;,&quot;background_background&quot;:&quot;gradient&quot;}\">\n\t\t\t\t\t\t\t<div class=\"elementor-background-overlay\"><\/div>\n\t\t\t\t\t\t\t<div class=\"elementor-container elementor-column-gap-default\">\n\t\t\t\t\t<div class=\"elementor-column elementor-col-100 elementor-top-column elementor-element elementor-element-47eef2a2\" data-id=\"47eef2a2\" data-element_type=\"column\" data-e-type=\"column\">\n\t\t\t<div class=\"elementor-widget-wrap elementor-element-populated\">\n\t\t\t\t\t\t<div class=\"elementor-element elementor-element-6aa8b297 elementor-widget elementor-widget-heading\" data-id=\"6aa8b297\" data-element_type=\"widget\" data-e-type=\"widget\" data-widget_type=\"heading.default\">\n\t\t\t\t<div class=\"elementor-widget-container\">\n\t\t\t\t\t<h2 class=\"elementor-heading-title elementor-size-default\">Mapa del sitio<\/h2>\t\t\t\t<\/div>\n\t\t\t\t<\/div>\n\t\t\t\t\t<\/div>\n\t\t<\/div>\n\t\t\t\t\t<\/div>\n\t\t<\/section>\n\t\t\t\t<section class=\"elementor-section elementor-top-section elementor-element elementor-element-44e707b elementor-section-boxed elementor-section-height-default elementor-section-height-default\" data-id=\"44e707b\" data-element_type=\"section\" data-e-type=\"section\">\n\t\t\t\t\t\t<div class=\"elementor-container elementor-column-gap-default\">\n\t\t\t\t\t<div class=\"elementor-column elementor-col-50 elementor-top-column elementor-element elementor-element-305c00e\" data-id=\"305c00e\" data-element_type=\"column\" data-e-type=\"column\">\n\t\t\t<div class=\"elementor-widget-wrap elementor-element-populated\">\n\t\t\t\t\t\t<div class=\"elementor-element elementor-element-5177f84 elementor-widget elementor-widget-sitemap\" data-id=\"5177f84\" data-element_type=\"widget\" data-e-type=\"widget\" data-widget_type=\"sitemap.default\">\n\t\t\t\t<div class=\"elementor-widget-container\">\n\t\t\t\t\t<div class=\"elementor-sitemap-wrap\"><div class=\"elementor-sitemap-section\"><h2 class=\"elementor-sitemap-title elementor-sitemap-page-title\">Pages<\/h2><ul class=\"elementor-sitemap-list elementor-sitemap-page-list\"><li class=\"elementor-sitemap-item elementor-sitemap-item-page page_item page-item-3079\"><a href=\"https:\/\/www.colanar.com\/es\/colanar-estados-unidos\/\">COLANAR Estados Unidos<\/a><\/li><li class=\"elementor-sitemap-item elementor-sitemap-item-page page_item page-item-3091\"><a href=\"https:\/\/www.colanar.com\/es\/contactenos\/\">Cont\u00e1ctenos<\/a><\/li><li class=\"elementor-sitemap-item elementor-sitemap-item-page page_item page-item-3087\"><a href=\"https:\/\/www.colanar.com\/es\/unternehmen\/\">Empresa<\/a><\/li><li class=\"elementor-sitemap-item elementor-sitemap-item-page page_item page-item-3095\"><a href=\"https:\/\/www.colanar.com\/es\/eventos\/\">Eventos<\/a><ul class='children'><li class=\"elementor-sitemap-item elementor-sitemap-item-page page_item page-item-3093\"><a href=\"https:\/\/www.colanar.com\/es\/eventos\/conferencias\/\">Conferencias<\/a><\/li><li class=\"elementor-sitemap-item elementor-sitemap-item-page page_item page-item-3097\"><a href=\"https:\/\/www.colanar.com\/es\/eventos\/demostraciones-de-equipos-virtuales\/\">Demostraciones de equipos virtuales<\/a><\/li><li class=\"elementor-sitemap-item elementor-sitemap-item-page page_item page-item-3227\"><a href=\"https:\/\/www.colanar.com\/es\/eventos\/demostraciones-de-maquinas-virtuales\/\">Demostraciones de m\u00e1quinas virtuales<\/a><\/li><\/ul><\/li><li class=\"elementor-sitemap-item elementor-sitemap-item-page page_item page-item-3219\"><a href=\"https:\/\/www.colanar.com\/es\/mapa-del-sitio\/\">Mapa del sitio<\/a><\/li><li class=\"elementor-sitemap-item elementor-sitemap-item-page page_item page-item-4256\"><a href=\"https:\/\/www.colanar.com\/es\/maquina-taponadora-de-viales-anidados-cmc-1013\/\">M\u00e1quina taponadora de viales anidados CMC 1013<\/a><\/li><li class=\"elementor-sitemap-item elementor-sitemap-item-page page_item page-item-3109\"><a href=\"https:\/\/www.colanar.com\/es\/noticias\/\">Noticias<\/a><\/li><li class=\"elementor-sitemap-item elementor-sitemap-item-page page_item page-item-3103\"><a href=\"https:\/\/www.colanar.com\/es\/\">P\u00e1gina principal<\/a><\/li><li class=\"elementor-sitemap-item elementor-sitemap-item-page page_item page-item-3115\"><a href=\"https:\/\/www.colanar.com\/es\/productos\/\">Productos<\/a><ul class='children'><li class=\"elementor-sitemap-item elementor-sitemap-item-page page_item page-item-3209\"><a href=\"https:\/\/www.colanar.com\/es\/productos\/kits-de-un-solo-uso\/\">Kits de un solo uso<\/a><ul class='children'><li class=\"elementor-sitemap-item elementor-sitemap-item-page page_item page-item-3213\"><a href=\"https:\/\/www.colanar.com\/es\/productos\/kits-de-un-solo-uso\/kit-de-tuberia-de-un-solo-uso-psk\/\">Kit de tuber\u00eda de un solo uso PSK<\/a><\/li><li class=\"elementor-sitemap-item elementor-sitemap-item-page page_item page-item-3211\"><a href=\"https:\/\/www.colanar.com\/es\/productos\/kits-de-un-solo-uso\/modulo-de-monitoreo-de-bolsas-de-producto-stb\/\">M\u00f3dulo de monitoreo de bolsas de producto STB<\/a><\/li><\/ul><\/li><li class=\"elementor-sitemap-item elementor-sitemap-item-page page_item page-item-3191\"><a href=\"https:\/\/www.colanar.com\/es\/productos\/llenadoras-flexibles\/\">Llenadoras flexibles<\/a><ul class='children'><li class=\"elementor-sitemap-item elementor-sitemap-item-page page_item page-item-3193\"><a href=\"https:\/\/www.colanar.com\/es\/productos\/llenadoras-flexibles\/maquina-de-llenado-y-cierre-fsv\/\">M\u00e1quina de llenado y cierre FSV<\/a><\/li><li class=\"elementor-sitemap-item elementor-sitemap-item-page page_item page-item-3197\"><a href=\"https:\/\/www.colanar.com\/es\/productos\/llenadoras-flexibles\/sistema-de-llenado-modular-fsm\/\">Sistema de llenado modular FSM<\/a><\/li><li class=\"elementor-sitemap-item elementor-sitemap-item-page page_item page-item-3195\"><a href=\"https:\/\/www.colanar.com\/es\/productos\/llenadoras-flexibles\/sistema-de-llenado-robotico-flexible-fso\/\">Sistema de llenado rob\u00f3tico flexible &#8211; FSO<\/a><\/li><\/ul><\/li><li class=\"elementor-sitemap-item elementor-sitemap-item-page page_item page-item-3117\"><a href=\"https:\/\/www.colanar.com\/es\/productos\/maquinas-de-mesa\/\">M\u00e1quinas de mesa<\/a><ul class='children'><li class=\"elementor-sitemap-item elementor-sitemap-item-page page_item page-item-3183\"><a href=\"https:\/\/www.colanar.com\/es\/productos\/maquinas-de-mesa\/maquina-de-insercion-de-embolos-css1041\/\">M\u00e1quina de inserci\u00f3n de \u00e9mbolos CSS1041<\/a><\/li><\/ul><\/li><li class=\"elementor-sitemap-item elementor-sitemap-item-page page_item page-item-3071\"><a href=\"https:\/\/www.colanar.com\/es\/productos\/maquinas-taponadoras\/\">M\u00e1quinas taponadoras<\/a><\/li><li class=\"elementor-sitemap-item elementor-sitemap-item-page page_item page-item-5621\"><a href=\"https:\/\/www.colanar.com\/es\/productos\/pagina-de-navegacion-del-aislador\/\">P\u00e1gina de navegaci\u00f3n del aislador<\/a><ul class='children'><li class=\"elementor-sitemap-item elementor-sitemap-item-page page_item page-item-3199\"><a href=\"https:\/\/www.colanar.com\/es\/productos\/pagina-de-navegacion-del-aislador\/lineas-aisladores\/\">L\u00cdNEAS AISLADORES<\/a><\/li><\/ul><\/li><li class=\"elementor-sitemap-item elementor-sitemap-item-page page_item page-item-3201\"><a href=\"https:\/\/www.colanar.com\/es\/productos\/sistemas-de-bombeo\/\">Sistemas de bombeo<\/a><ul class='children'><li class=\"elementor-sitemap-item elementor-sitemap-item-page page_item page-item-3203\"><a href=\"https:\/\/www.colanar.com\/es\/productos\/sistemas-de-bombeo\/bomba-peristaltica-fsp\/\">Bomba perist\u00e1ltica FSP<\/a><\/li><li class=\"elementor-sitemap-item elementor-sitemap-item-page page_item page-item-3207\"><a href=\"https:\/\/www.colanar.com\/es\/productos\/sistemas-de-bombeo\/bombas-de-piston-rotativo-fsd\/\">Bombas de pist\u00f3n rotativo FSD<\/a><\/li><li class=\"elementor-sitemap-item elementor-sitemap-item-page page_item page-item-3205\"><a href=\"https:\/\/www.colanar.com\/es\/productos\/sistemas-de-bombeo\/sistema-de-llenado-de-bomba-de-piston-rotatorio-fsr\/\">Sistema de llenado de bomba de pist\u00f3n rotatorio FSR<\/a><\/li><\/ul><\/li><\/ul><\/li><li class=\"elementor-sitemap-item elementor-sitemap-item-page page_item page-item-5620\"><a href=\"https:\/\/www.colanar.com\/es\/sectores\/\">Sectores<\/a><\/li><li class=\"elementor-sitemap-item elementor-sitemap-item-page page_item page-item-3217\"><a href=\"https:\/\/www.colanar.com\/es\/servicios\/\">Servicios<\/a><\/li><li class=\"elementor-sitemap-item elementor-sitemap-item-page page_item page-item-5624\"><a href=\"https:\/\/www.colanar.com\/es\/soluciones-para-farmacias-de-preparacion-magistral\/\">Soluciones para farmacias de preparaci\u00f3n magistral<\/a><\/li><\/ul><\/div><\/div>\t\t\t\t<\/div>\n\t\t\t\t<\/div>\n\t\t\t\t\t<\/div>\n\t\t<\/div>\n\t\t\t\t<div class=\"elementor-column elementor-col-50 elementor-top-column elementor-element elementor-element-d76c73e\" data-id=\"d76c73e\" data-element_type=\"column\" data-e-type=\"column\">\n\t\t\t<div class=\"elementor-widget-wrap elementor-element-populated\">\n\t\t\t\t\t\t<div class=\"elementor-element elementor-element-7b927a2 elementor-widget elementor-widget-sitemap\" data-id=\"7b927a2\" data-element_type=\"widget\" data-e-type=\"widget\" data-widget_type=\"sitemap.default\">\n\t\t\t\t<div class=\"elementor-widget-container\">\n\t\t\t\t\t<div class=\"elementor-sitemap-wrap\"><div class=\"elementor-sitemap-section\"><h2 class=\"elementor-sitemap-title elementor-sitemap-category-title\">Blog Categories<\/h2><ul class=\"elementor-sitemap-list elementor-sitemap-category-list\">\t<li class=\"elementor-sitemap-item elementor-sitemap-item-category cat-item cat-item-32\"><a href=\"https:\/\/www.colanar.com\/es\/category\/maquinas\/\">M\u00e1quinas<\/a>\n<\/li>\n\t<li class=\"elementor-sitemap-item elementor-sitemap-item-category cat-item cat-item-30\"><a href=\"https:\/\/www.colanar.com\/es\/category\/negocio\/\">Negocio<\/a>\n<\/li>\n\t<li class=\"elementor-sitemap-item elementor-sitemap-item-category cat-item cat-item-31\"><a href=\"https:\/\/www.colanar.com\/es\/category\/noticias\/\">Noticias<\/a>\n<\/li>\n\t<li class=\"elementor-sitemap-item elementor-sitemap-item-category cat-item cat-item-15\"><a href=\"https:\/\/www.colanar.com\/es\/category\/sin-categorizar\/\">Sin categorizar<\/a>\n<\/li>\n<\/ul><\/div><\/div>\t\t\t\t<\/div>\n\t\t\t\t<\/div>\n\t\t\t\t\t<\/div>\n\t\t<\/div>\n\t\t\t\t\t<\/div>\n\t\t<\/section>\n\t\t\t\t<\/div>\n\t\t","protected":false},"excerpt":{"rendered":"<p>Mapa del sitio<\/p>\n","protected":false},"author":1,"featured_media":0,"parent":0,"menu_order":0,"comment_status":"closed","ping_status":"closed","template":"","meta":{"footnotes":""},"class_list":["post-3219","page","type-page","status-publish","hentry","entry"],"yoast_head":"<!-- This site is optimized with the Yoast SEO plugin v27.3 - https:\/\/yoast.com\/product\/yoast-seo-wordpress\/ -->\n<title>Mapa del sitio - Colanar<\/title>\n<meta name=\"description\" content=\"Vea la estructura completa del sitio de COLANAR para acceder f\u00e1cilmente a los sistemas de llenado, aisladores, soporte y noticias.\" \/>\n<meta name=\"robots\" content=\"index, follow, max-snippet:-1, max-image-preview:large, max-video-preview:-1\" \/>\n<link rel=\"canonical\" href=\"https:\/\/www.colanar.com\/es\/mapa-del-sitio\/\" \/>\n<meta property=\"og:locale\" content=\"es_ES\" \/>\n<meta property=\"og:type\" content=\"article\" \/>\n<meta property=\"og:title\" content=\"Mapa del sitio - Colanar\" \/>\n<meta property=\"og:description\" content=\"Vea la estructura completa del sitio de COLANAR para acceder f\u00e1cilmente a los sistemas de llenado, aisladores, soporte y noticias.\" \/>\n<meta property=\"og:url\" content=\"https:\/\/www.colanar.com\/es\/mapa-del-sitio\/\" \/>\n<meta property=\"og:site_name\" content=\"Colanar\" \/>\n<meta property=\"article:modified_time\" content=\"2025-08-04T17:57:22+00:00\" \/>\n<meta name=\"twitter:card\" content=\"summary_large_image\" \/>\n<meta name=\"twitter:label1\" content=\"Tiempo de lectura\" \/>\n\t<meta name=\"twitter:data1\" content=\"1 minuto\" \/>\n<script type=\"application\/ld+json\" class=\"yoast-schema-graph\">{\"@context\":\"https:\\\/\\\/schema.org\",\"@graph\":[{\"@type\":\"WebPage\",\"@id\":\"https:\\\/\\\/www.colanar.com\\\/es\\\/mapa-del-sitio\\\/\",\"url\":\"https:\\\/\\\/www.colanar.com\\\/es\\\/mapa-del-sitio\\\/\",\"name\":\"Mapa del sitio - Colanar\",\"isPartOf\":{\"@id\":\"https:\\\/\\\/www.colanar.com\\\/es\\\/de\\\/#website\"},\"datePublished\":\"2020-07-26T20:31:14+00:00\",\"dateModified\":\"2025-08-04T17:57:22+00:00\",\"description\":\"Vea la estructura completa del sitio de COLANAR para acceder f\u00e1cilmente a los sistemas de llenado, aisladores, soporte y noticias.\",\"breadcrumb\":{\"@id\":\"https:\\\/\\\/www.colanar.com\\\/es\\\/mapa-del-sitio\\\/#breadcrumb\"},\"inLanguage\":\"es\",\"potentialAction\":[{\"@type\":\"ReadAction\",\"target\":[\"https:\\\/\\\/www.colanar.com\\\/es\\\/mapa-del-sitio\\\/\"]}]},{\"@type\":\"BreadcrumbList\",\"@id\":\"https:\\\/\\\/www.colanar.com\\\/es\\\/mapa-del-sitio\\\/#breadcrumb\",\"itemListElement\":[{\"@type\":\"ListItem\",\"position\":1,\"name\":\"Home\",\"item\":\"https:\\\/\\\/www.colanar.com\\\/es\\\/\"},{\"@type\":\"ListItem\",\"position\":2,\"name\":\"Mapa del sitio\"}]},{\"@type\":\"WebSite\",\"@id\":\"https:\\\/\\\/www.colanar.com\\\/es\\\/de\\\/#website\",\"url\":\"https:\\\/\\\/www.colanar.com\\\/es\\\/de\\\/\",\"name\":\"Colanar\",\"description\":\"Innovative Solutions. Quality Products.\",\"publisher\":{\"@id\":\"https:\\\/\\\/www.colanar.com\\\/es\\\/de\\\/#organization\"},\"potentialAction\":[{\"@type\":\"SearchAction\",\"target\":{\"@type\":\"EntryPoint\",\"urlTemplate\":\"https:\\\/\\\/www.colanar.com\\\/es\\\/de\\\/?s={search_term_string}\"},\"query-input\":{\"@type\":\"PropertyValueSpecification\",\"valueRequired\":true,\"valueName\":\"search_term_string\"}}],\"inLanguage\":\"es\"},{\"@type\":\"Organization\",\"@id\":\"https:\\\/\\\/www.colanar.com\\\/es\\\/de\\\/#organization\",\"name\":\"Colanar\",\"url\":\"https:\\\/\\\/www.colanar.com\\\/es\\\/de\\\/\",\"logo\":{\"@type\":\"ImageObject\",\"inLanguage\":\"es\",\"@id\":\"https:\\\/\\\/www.colanar.com\\\/es\\\/de\\\/#\\\/schema\\\/logo\\\/image\\\/\",\"url\":\"https:\\\/\\\/www.colanar.com\\\/wp-content\\\/uploads\\\/2020\\\/07\\\/colanar_logo1.png\",\"contentUrl\":\"https:\\\/\\\/www.colanar.com\\\/wp-content\\\/uploads\\\/2020\\\/07\\\/colanar_logo1.png\",\"width\":246,\"height\":85,\"caption\":\"Colanar\"},\"image\":{\"@id\":\"https:\\\/\\\/www.colanar.com\\\/es\\\/de\\\/#\\\/schema\\\/logo\\\/image\\\/\"}}]}<\/script>\n<!-- \/ Yoast SEO plugin. -->","yoast_head_json":{"title":"Mapa del sitio - Colanar","description":"Vea la estructura completa del sitio de COLANAR para acceder f\u00e1cilmente a los sistemas de llenado, aisladores, soporte y noticias.","robots":{"index":"index","follow":"follow","max-snippet":"max-snippet:-1","max-image-preview":"max-image-preview:large","max-video-preview":"max-video-preview:-1"},"canonical":"https:\/\/www.colanar.com\/es\/mapa-del-sitio\/","og_locale":"es_ES","og_type":"article","og_title":"Mapa del sitio - Colanar","og_description":"Vea la estructura completa del sitio de COLANAR para acceder f\u00e1cilmente a los sistemas de llenado, aisladores, soporte y noticias.","og_url":"https:\/\/www.colanar.com\/es\/mapa-del-sitio\/","og_site_name":"Colanar","article_modified_time":"2025-08-04T17:57:22+00:00","twitter_card":"summary_large_image","twitter_misc":{"Tiempo de lectura":"1 minuto"},"schema":{"@context":"https:\/\/schema.org","@graph":[{"@type":"WebPage","@id":"https:\/\/www.colanar.com\/es\/mapa-del-sitio\/","url":"https:\/\/www.colanar.com\/es\/mapa-del-sitio\/","name":"Mapa del sitio - Colanar","isPartOf":{"@id":"https:\/\/www.colanar.com\/es\/de\/#website"},"datePublished":"2020-07-26T20:31:14+00:00","dateModified":"2025-08-04T17:57:22+00:00","description":"Vea la estructura completa del sitio de COLANAR para acceder f\u00e1cilmente a los sistemas de llenado, aisladores, soporte y noticias.","breadcrumb":{"@id":"https:\/\/www.colanar.com\/es\/mapa-del-sitio\/#breadcrumb"},"inLanguage":"es","potentialAction":[{"@type":"ReadAction","target":["https:\/\/www.colanar.com\/es\/mapa-del-sitio\/"]}]},{"@type":"BreadcrumbList","@id":"https:\/\/www.colanar.com\/es\/mapa-del-sitio\/#breadcrumb","itemListElement":[{"@type":"ListItem","position":1,"name":"Home","item":"https:\/\/www.colanar.com\/es\/"},{"@type":"ListItem","position":2,"name":"Mapa del sitio"}]},{"@type":"WebSite","@id":"https:\/\/www.colanar.com\/es\/de\/#website","url":"https:\/\/www.colanar.com\/es\/de\/","name":"Colanar","description":"Innovative Solutions. Quality Products.","publisher":{"@id":"https:\/\/www.colanar.com\/es\/de\/#organization"},"potentialAction":[{"@type":"SearchAction","target":{"@type":"EntryPoint","urlTemplate":"https:\/\/www.colanar.com\/es\/de\/?s={search_term_string}"},"query-input":{"@type":"PropertyValueSpecification","valueRequired":true,"valueName":"search_term_string"}}],"inLanguage":"es"},{"@type":"Organization","@id":"https:\/\/www.colanar.com\/es\/de\/#organization","name":"Colanar","url":"https:\/\/www.colanar.com\/es\/de\/","logo":{"@type":"ImageObject","inLanguage":"es","@id":"https:\/\/www.colanar.com\/es\/de\/#\/schema\/logo\/image\/","url":"https:\/\/www.colanar.com\/wp-content\/uploads\/2020\/07\/colanar_logo1.png","contentUrl":"https:\/\/www.colanar.com\/wp-content\/uploads\/2020\/07\/colanar_logo1.png","width":246,"height":85,"caption":"Colanar"},"image":{"@id":"https:\/\/www.colanar.com\/es\/de\/#\/schema\/logo\/image\/"}}]}},"_links":{"self":[{"href":"https:\/\/www.colanar.com\/es\/wp-json\/wp\/v2\/pages\/3219","targetHints":{"allow":["GET"]}}],"collection":[{"href":"https:\/\/www.colanar.com\/es\/wp-json\/wp\/v2\/pages"}],"about":[{"href":"https:\/\/www.colanar.com\/es\/wp-json\/wp\/v2\/types\/page"}],"author":[{"embeddable":true,"href":"https:\/\/www.colanar.com\/es\/wp-json\/wp\/v2\/users\/1"}],"replies":[{"embeddable":true,"href":"https:\/\/www.colanar.com\/es\/wp-json\/wp\/v2\/comments?post=3219"}],"version-history":[{"count":0,"href":"https:\/\/www.colanar.com\/es\/wp-json\/wp\/v2\/pages\/3219\/revisions"}],"wp:attachment":[{"href":"https:\/\/www.colanar.com\/es\/wp-json\/wp\/v2\/media?parent=3219"}],"curies":[{"name":"wp","href":"https:\/\/api.w.org\/{rel}","templated":true}]}}